{"id":739,"date":"2021-07-09T10:45:35","date_gmt":"2021-07-09T09:45:35","guid":{"rendered":"http:\/\/localhost:8888\/?page_id=739"},"modified":"2021-07-19T17:09:36","modified_gmt":"2021-07-19T16:09:36","slug":"terms-of-use","status":"publish","type":"page","link":"https:\/\/open-procurement.com\/fr\/terms-of-use\/","title":{"rendered":"Conditions d'utilisation"},"content":{"rendered":"<p><strong>VEUILLEZ LIRE ATTENTIVEMENT CES TERMES ET CONDITIONS AVANT D'UTILISER CE SITE<\/strong><\/p>\n<h3>Qu\u2019y a-t-il dans ces termes ?<\/h3>\n<p>Les pr\u00e9sentes conditions g\u00e9n\u00e9rales vous pr\u00e9cisent les r\u00e8gles d'utilisation de nos sites internet www.open-procurement.com et www.open-greenenergy.com (notre site).<\/p>\n<h3>Qui nous sommes et comment nous contacter<\/h3>\n<p>Nous sommes le groupe Open Rhodes, compos\u00e9 d'Open Rhodes Limited (exer\u00e7ant ses activit\u00e9s sous le nom d'Open Procurement) et d'Open Green Energy Limited (ensemble, Open Rhodes Group).<\/p>\n<p>Pour nous contacter, y compris pour soulever des probl\u00e8mes ou des plaintes concernant nos sites Web et nos services, veuillez envoyer un e-mail <a href=\"mailto:hello@open-procurement.com\">hello@open-procurement.com<\/a>; ou t\u00e9l\u00e9phonez-nous au <a href=\"tel:00448008886025\">+44 (0)800 888 6025<\/a>.<\/p>\n<h3>En utilisant notre site, vous acceptez ces conditions<\/h3>\n<p>En utilisant notre site, vous confirmez que vous acceptez ces conditions d'utilisation et que vous vous engagez \u00e0 les respecter.<\/p>\n<p>Si vous n'acceptez pas ces conditions, vous ne devez pas utiliser notre site.<\/p>\n<p>Nous vous recommandons d'imprimer une copie de ces conditions pour r\u00e9f\u00e9rence future.<\/p>\n<h3>D'autres conditions peuvent s'appliquer \u00e0 vous<\/h3>\n<p>Ces conditions d'utilisation font r\u00e9f\u00e9rence aux conditions suppl\u00e9mentaires suivantes, qui s'appliquent \u00e9galement \u00e0 votre utilisation de notre site:<\/p>\n<ul>\n<li>Notre <a href=\"http:\/\/www.open-greenenergy.com\/privacy-policy\/\">Politique de confidentialit\u00e9<\/a>. Voir plus loin sous Comment nous pouvons utiliser vos informations personnelles.<\/li>\n<li>Notre <a href=\"http:\/\/www.open-greenenergy.com\/cookie-policy\/\">Politique de cookies<\/a> qui contient des informations sur les cookies de notre site.<\/li>\n<\/ul>\n<h3>Nous pouvons apporter des modifications \u00e0 ces conditions<\/h3>\n<p>Nous modifions ces conditions de temps \u00e0 autre. Chaque fois que vous souhaitez utiliser notre site, veuillez v\u00e9rifier ces conditions pour vous assurer que vous comprenez les conditions qui s'appliquent \u00e0 ce moment-l\u00e0.<\/p>\n<h3>Nous pouvons apporter des modifications \u00e0 notre site<\/h3>\n<p>Nous pouvons mettre \u00e0 jour et modifier notre site de temps \u00e0 autre pour refl\u00e9ter les changements apport\u00e9s \u00e0 nos produits, les besoins de nos utilisateurs et nos priorit\u00e9s commerciales, ou si cela peut \u00eatre n\u00e9cessaire pour refl\u00e9ter des changements dans la loi ou la r\u00e9glementation.<\/p>\n<h3>Nous pouvons suspendre ou retirer notre site<\/h3>\n<p>Notre site est mis \u00e0 disposition gratuitement.<\/p>\n<p>Nous ne garantissons pas que notre site, ou tout contenu qu'il contient, sera toujours disponible ou ininterrompu. Nous pouvons suspendre, retirer ou restreindre la disponibilit\u00e9 de tout ou partie de notre site pour des raisons commerciales et op\u00e9rationnelles. Nous essaierons de vous donner un pr\u00e9avis raisonnable de toute suspension ou retrait.<\/p>\n<h3>Nous pouvons transf\u00e9rer cet accord \u00e0 quelqu'un d'autre<\/h3>\n<p>Nous pouvons transf\u00e9rer nos droits et obligations en vertu des pr\u00e9sentes conditions \u00e0 une autre organisation. Nous vous informerons toujours par \u00e9crit si cela se produit et nous veillerons \u00e0 ce que le transfert n'affecte pas vos droits en vertu du contrat.<\/p>\n<h3>Notre site est r\u00e9serv\u00e9 aux utilisateurs du Royaume-Uni<\/h3>\n<p>Notre site s'adresse aux personnes r\u00e9sidant au Royaume-Uni. Nous ne garantissons pas que le contenu disponible sur ou via notre site soit appropri\u00e9 pour une utilisation ou disponible dans d'autres endroits.<\/p>\n<h3>Le mat\u00e9riel sur notre site<\/h3>\n<p>Nous sommes propri\u00e9taires ou titulaires de licence de tous les droits de propri\u00e9t\u00e9 intellectuelle sur notre site et sur le mat\u00e9riel qui y est publi\u00e9. Ces \u0153uvres sont prot\u00e9g\u00e9es par les lois et trait\u00e9s sur le droit d\u2019auteur du monde entier. Tous droits r\u00e9serv\u00e9s.<\/p>\n<p>Vous ne devez utiliser aucune partie du contenu de notre site \u00e0 des fins commerciales sans obtenir une licence pour le faire de notre part ou de celle de nos conc\u00e9dants de licence.<\/p>\n<h3>Ne vous fiez pas aux informations de ce site<\/h3>\n<p>Le contenu de notre site est fourni \u00e0 titre d'information g\u00e9n\u00e9rale uniquement. Il ne s\u2019agit pas de conseils sur lesquels vous devriez vous fier. Vous devez obtenir des conseils professionnels ou sp\u00e9cialis\u00e9s avant d\u2019entreprendre ou de vous abstenir de toute action sur la base du contenu de notre site.<\/p>\n<p>Bien que nous fassions des efforts raisonnables pour mettre \u00e0 jour les informations sur notre site, nous ne faisons aucune d\u00e9claration, garantie ou garantie, expresse ou implicite, que le contenu de notre site est exact, complet ou \u00e0 jour.<\/p>\n<h3>Nous ne sommes pas responsables des sites Web vers lesquels nous \u00e9tablissons des liens<\/h3>\n<p>Lorsque notre site contient des liens vers d'autres sites et ressources fournis par des tiers, ces liens sont fournis \u00e0 titre d'information uniquement. Ces liens ne doivent pas \u00eatre interpr\u00e9t\u00e9s comme une approbation de notre part de ces sites Web li\u00e9s ou des informations que vous pouvez en obtenir.<\/p>\n<h3>Nous n'avons aucun contr\u00f4le sur le contenu de ces sites ou ressources.<\/h3>\n<h3>Notre responsabilit\u00e9 pour les pertes ou dommages subis par vous, que vous soyez un consommateur ou un utilisateur professionnel:<\/h3>\n<ul>\n<li>Nous n\u2019excluons ni ne limitons en aucune fa\u00e7on notre responsabilit\u00e9 envers vous lorsqu\u2019il serait ill\u00e9gal de le faire. Cela inclut la responsabilit\u00e9 en cas de d\u00e9c\u00e8s ou de blessures corporelles caus\u00e9s par notre n\u00e9gligence ou la n\u00e9gligence de nos employ\u00e9s, agents ou sous-traitants et en cas de fraude ou de fausse d\u00e9claration frauduleuse.<\/li>\n<\/ul>\n<h3>Si vous \u00eates un utilisateur professionnel:<\/h3>\n<ul>\n<li>Nous excluons toutes les conditions, garanties, repr\u00e9sentations ou autres conditions implicites qui peuvent s'appliquer \u00e0 notre site ou \u00e0 tout contenu de celui-ci.<\/li>\n<li>Nous ne serons pas responsables envers vous de toute perte ou dommage, qu'il soit contractuel, d\u00e9lictuel (y compris la n\u00e9gligence), manquement \u00e0 une obligation l\u00e9gale ou autre, m\u00eame pr\u00e9visible, d\u00e9coulant de ou en relation avec:<\/li>\n<li>l'utilisation ou l'impossibilit\u00e9 d'utiliser notre site; ou<\/li>\n<li>l'utilisation ou la confiance accord\u00e9e \u00e0 tout contenu affich\u00e9 sur notre site.<\/li>\n<\/ul>\n<h3>Si vous \u00eates un utilisateur grand public:<\/h3>\n<p>Veuillez noter que nous proposons notre site uniquement pour un usage domestique et priv\u00e9. Vous acceptez de ne pas utiliser notre site \u00e0 des fins commerciales ou professionnelles, et nous d\u00e9clinons toute responsabilit\u00e9 envers vous en cas de perte de profit, perte d'activit\u00e9, interruption d'activit\u00e9 ou perte d'opportunit\u00e9 commerciale.<\/p>\n<p>Si un contenu num\u00e9rique d\u00e9fectueux que nous avons fourni endommage un appareil ou un contenu num\u00e9rique vous appartenant et que cela est d\u00fb \u00e0 notre manque de diligence et de comp\u00e9tence raisonnables, nous r\u00e9parerons les dommages ou vous verserons une indemnisation.<\/p>\n<h3>Comment nous pouvons utiliser vos informations personnelles<\/h3>\n<p>Nous utiliserons vos informations personnelles uniquement comme indiqu\u00e9 dans notre <a href=\"http:\/\/www.open-greenenergy.com\/privacy-policy\/\">Politique de confidentialit\u00e9<\/a>.<\/p>\n<h3>Droits que vous nous accordez pour utiliser le mat\u00e9riel que vous t\u00e9l\u00e9chargez<\/h3>\n<p>Lorsque vous t\u00e9l\u00e9chargez ou envoyez du contenu de publication \u00e0 nous ou \u00e0 notre site, vous nous accordez les droits suivants pour utiliser ce contenu:<\/p>\n<p>une licence mondiale, permanente, non exclusive, libre de droits et transf\u00e9rable pour utiliser, reproduire, distribuer, pr\u00e9parer des \u0153uvres d\u00e9riv\u00e9es, afficher et ex\u00e9cuter ce contenu g\u00e9n\u00e9r\u00e9 par l'utilisateur en relation avec le service fourni par le site Web et sur diff\u00e9rents m\u00e9dias, y compris pour promouvoir le site ou le service.<br \/>\nNous ne sommes pas responsables des virus et vous ne devez pas les introduire.<br \/>\nNous ne garantissons pas que notre site sera s\u00e9curis\u00e9 ou exempt de bugs ou de virus.<br \/>\nVous \u00eates responsable de la configuration de votre technologie de l\u2019information, de vos programmes informatiques et de votre plateforme pour acc\u00e9der \u00e0 notre site. Vous devez utiliser votre propre logiciel de protection antivirus.<\/p>\n<p>Vous ne devez pas utiliser notre site \u00e0 mauvais escient en introduisant sciemment des virus, des chevaux de Troie, des vers, des bombes logiques ou tout autre mat\u00e9riel malveillant ou technologiquement nuisible. Vous ne devez pas tenter d'obtenir un acc\u00e8s non autoris\u00e9 \u00e0 notre site, au serveur sur lequel notre site est stock\u00e9 ou \u00e0 tout serveur, ordinateur ou base de donn\u00e9es connect\u00e9 \u00e0 notre site. Vous ne devez pas attaquer notre site via une attaque par d\u00e9ni de service ou une attaque par d\u00e9ni de service distribu\u00e9. En violant cette disposition, vous commettriez une infraction p\u00e9nale en vertu du Computer Misuse Act 1990. Nous signalerons toute violation de ce type aux autorit\u00e9s charg\u00e9es de l'application de la loi comp\u00e9tentes et nous coop\u00e9rerons avec ces autorit\u00e9s en leur r\u00e9v\u00e9lant votre identit\u00e9. Dans le cas d'une telle violation, votre droit d'utiliser notre site cessera imm\u00e9diatement.<\/p>\n<h3>R\u00e8gles concernant les liens vers notre site<\/h3>\n<p>Vous pouvez cr\u00e9er un lien vers notre page d'accueil, \u00e0 condition de le faire d'une mani\u00e8re juste et l\u00e9gale et de ne pas nuire \u00e0 notre r\u00e9putation ni d'en profiter.<\/p>\n<p>Vous ne devez pas \u00e9tablir de lien de mani\u00e8re \u00e0 sugg\u00e9rer une quelconque forme d'association, d'approbation ou d'adh\u00e9sion de notre part l\u00e0 o\u00f9 il n'en existe pas.<\/p>\n<p>Notre site ne doit pas \u00eatre encadr\u00e9 sur un autre site, et vous ne pouvez pas non plus cr\u00e9er de lien vers une partie de notre site autre que la page d'accueil.<\/p>\n<p>Nous nous r\u00e9servons le droit de retirer l'autorisation de cr\u00e9ation de liens sans pr\u00e9avis.<\/p>\n<h3>Les lois de quel pays s\u2019appliquent \u00e0 tout litige?<\/h3>\n<p>Si vous \u00eates un consommateur, veuillez noter que les pr\u00e9sentes conditions d'utilisation, leur objet et leur formation, sont r\u00e9gis par le droit anglais. Vous et nous convenons tous les deux que les tribunaux d'Angleterre et du Pays de Galles auront une comp\u00e9tence exclusive, sauf que si vous r\u00e9sidez en Irlande du Nord, vous pouvez \u00e9galement engager une proc\u00e9dure en Irlande du Nord, et si vous r\u00e9sidez en \u00c9cosse, vous pouvez \u00e9galement engager une proc\u00e9dure en \u00c9cosse. .<\/p>\n<p>Si vous \u00eates une entreprise, les pr\u00e9sentes conditions d'utilisation, leur objet et leur formation (ainsi que tout litige ou r\u00e9clamation non contractuel) sont r\u00e9gis par le droit anglais. Nous acceptons tous les deux la comp\u00e9tence exclusive des tribunaux d'Angleterre et du Pays de Galles.<\/p>\n<h3>Nos marques sont d\u00e9pos\u00e9es<\/h3>\n<p>Vous n'\u00eates pas autoris\u00e9 \u00e0 utiliser l'une de nos marques d\u00e9pos\u00e9es, images ou logos de marque, ou ceux de toute autre partie sur notre site Web, sans notre approbation.<\/p>","protected":false},"excerpt":{"rendered":"<p>PLEASE READ THESE TERMS AND CONDITIONS CAREFULLY BEFORE USING THIS SITE What&#8217;s in these terms? These terms&#8230;<\/p>","protected":false},"author":1,"featured_media":0,"parent":0,"menu_order":0,"comment_status":"closed","ping_status":"closed","template":"","meta":{"_acf_changed":false,"footnotes":""},"class_list":["post-739","page","type-page","status-publish","hentry"],"acf":[],"yoast_head":"<!-- This site is optimized with the Yoast SEO plugin v27.3 - https:\/\/yoast.com\/product\/yoast-seo-wordpress\/ -->\n<title>Terms of Use | Open Procurement | Tailored, Expert Procurement-Solutions.<\/title>\n<meta name=\"description\" content=\"Tailored, expert procurement-solutions. We help businesses devise quality solutions that deliver the best value from procurement and suppliers\" \/>\n<meta name=\"robots\" content=\"index, follow, max-snippet:-1, max-image-preview:large, max-video-preview:-1\" \/>\n<link rel=\"canonical\" href=\"https:\/\/open-procurement.com\/fr\/terms-of-use\/\" \/>\n<meta property=\"og:locale\" content=\"fr_FR\" \/>\n<meta property=\"og:type\" content=\"article\" \/>\n<meta property=\"og:title\" content=\"Terms of Use | Open Procurement | Tailored, Expert Procurement-Solutions.\" \/>\n<meta property=\"og:description\" content=\"Tailored, expert procurement-solutions. We help businesses devise quality solutions that deliver the best value from procurement and suppliers\" \/>\n<meta property=\"og:url\" content=\"https:\/\/open-procurement.com\/fr\/terms-of-use\/\" \/>\n<meta property=\"og:site_name\" content=\"Open Procurement\" \/>\n<meta property=\"article:modified_time\" content=\"2021-07-19T16:09:36+00:00\" \/>\n<meta name=\"twitter:card\" content=\"summary_large_image\" \/>\n<meta name=\"twitter:label1\" content=\"Dur\u00e9e de lecture estim\u00e9e\" \/>\n\t<meta name=\"twitter:data1\" content=\"7 minutes\" \/>\n<script type=\"application\/ld+json\" class=\"yoast-schema-graph\">{\"@context\":\"https:\\\/\\\/schema.org\",\"@graph\":[{\"@type\":\"WebPage\",\"@id\":\"https:\\\/\\\/open-procurement.com\\\/terms-of-use\\\/\",\"url\":\"https:\\\/\\\/open-procurement.com\\\/terms-of-use\\\/\",\"name\":\"Terms of Use | Open Procurement | Tailored, Expert Procurement-Solutions.\",\"isPartOf\":{\"@id\":\"https:\\\/\\\/open-procurement.com\\\/#website\"},\"datePublished\":\"2021-07-09T09:45:35+00:00\",\"dateModified\":\"2021-07-19T16:09:36+00:00\",\"description\":\"Tailored, expert procurement-solutions. We help businesses devise quality solutions that deliver the best value from procurement and suppliers\",\"breadcrumb\":{\"@id\":\"https:\\\/\\\/open-procurement.com\\\/terms-of-use\\\/#breadcrumb\"},\"inLanguage\":\"fr-FR\",\"potentialAction\":[{\"@type\":\"ReadAction\",\"target\":[\"https:\\\/\\\/open-procurement.com\\\/terms-of-use\\\/\"]}]},{\"@type\":\"BreadcrumbList\",\"@id\":\"https:\\\/\\\/open-procurement.com\\\/terms-of-use\\\/#breadcrumb\",\"itemListElement\":[{\"@type\":\"ListItem\",\"position\":1,\"name\":\"Home\",\"item\":\"https:\\\/\\\/open-procurement.com\\\/\"},{\"@type\":\"ListItem\",\"position\":2,\"name\":\"Terms of Use\"}]},{\"@type\":\"WebSite\",\"@id\":\"https:\\\/\\\/open-procurement.com\\\/#website\",\"url\":\"https:\\\/\\\/open-procurement.com\\\/\",\"name\":\"Open Procurement\",\"description\":\"\",\"publisher\":{\"@id\":\"https:\\\/\\\/open-procurement.com\\\/#organization\"},\"potentialAction\":[{\"@type\":\"SearchAction\",\"target\":{\"@type\":\"EntryPoint\",\"urlTemplate\":\"https:\\\/\\\/open-procurement.com\\\/?s={search_term_string}\"},\"query-input\":{\"@type\":\"PropertyValueSpecification\",\"valueRequired\":true,\"valueName\":\"search_term_string\"}}],\"inLanguage\":\"fr-FR\"},{\"@type\":\"Organization\",\"@id\":\"https:\\\/\\\/open-procurement.com\\\/#organization\",\"name\":\"Open Procurement\",\"url\":\"https:\\\/\\\/open-procurement.com\\\/\",\"logo\":{\"@type\":\"ImageObject\",\"inLanguage\":\"fr-FR\",\"@id\":\"https:\\\/\\\/open-procurement.com\\\/#\\\/schema\\\/logo\\\/image\\\/\",\"url\":\"https:\\\/\\\/open-procurement.com\\\/wp-content\\\/uploads\\\/2021\\\/06\\\/cropped-fav.png\",\"contentUrl\":\"https:\\\/\\\/open-procurement.com\\\/wp-content\\\/uploads\\\/2021\\\/06\\\/cropped-fav.png\",\"width\":512,\"height\":512,\"caption\":\"Open Procurement\"},\"image\":{\"@id\":\"https:\\\/\\\/open-procurement.com\\\/#\\\/schema\\\/logo\\\/image\\\/\"}}]}<\/script>\n<!-- \/ Yoast SEO plugin. -->","yoast_head_json":{"title":"Terms of Use | Open Procurement | Tailored, Expert Procurement-Solutions.","description":"Tailored, expert procurement-solutions. We help businesses devise quality solutions that deliver the best value from procurement and suppliers","robots":{"index":"index","follow":"follow","max-snippet":"max-snippet:-1","max-image-preview":"max-image-preview:large","max-video-preview":"max-video-preview:-1"},"canonical":"https:\/\/open-procurement.com\/fr\/terms-of-use\/","og_locale":"fr_FR","og_type":"article","og_title":"Terms of Use | Open Procurement | Tailored, Expert Procurement-Solutions.","og_description":"Tailored, expert procurement-solutions. We help businesses devise quality solutions that deliver the best value from procurement and suppliers","og_url":"https:\/\/open-procurement.com\/fr\/terms-of-use\/","og_site_name":"Open Procurement","article_modified_time":"2021-07-19T16:09:36+00:00","twitter_card":"summary_large_image","twitter_misc":{"Dur\u00e9e de lecture estim\u00e9e":"7 minutes"},"schema":{"@context":"https:\/\/schema.org","@graph":[{"@type":"WebPage","@id":"https:\/\/open-procurement.com\/terms-of-use\/","url":"https:\/\/open-procurement.com\/terms-of-use\/","name":"Terms of Use | Open Procurement | Tailored, Expert Procurement-Solutions.","isPartOf":{"@id":"https:\/\/open-procurement.com\/#website"},"datePublished":"2021-07-09T09:45:35+00:00","dateModified":"2021-07-19T16:09:36+00:00","description":"Tailored, expert procurement-solutions. We help businesses devise quality solutions that deliver the best value from procurement and suppliers","breadcrumb":{"@id":"https:\/\/open-procurement.com\/terms-of-use\/#breadcrumb"},"inLanguage":"fr-FR","potentialAction":[{"@type":"ReadAction","target":["https:\/\/open-procurement.com\/terms-of-use\/"]}]},{"@type":"BreadcrumbList","@id":"https:\/\/open-procurement.com\/terms-of-use\/#breadcrumb","itemListElement":[{"@type":"ListItem","position":1,"name":"Home","item":"https:\/\/open-procurement.com\/"},{"@type":"ListItem","position":2,"name":"Terms of Use"}]},{"@type":"WebSite","@id":"https:\/\/open-procurement.com\/#website","url":"https:\/\/open-procurement.com\/","name":"Open Procurement","description":"","publisher":{"@id":"https:\/\/open-procurement.com\/#organization"},"potentialAction":[{"@type":"SearchAction","target":{"@type":"EntryPoint","urlTemplate":"https:\/\/open-procurement.com\/?s={search_term_string}"},"query-input":{"@type":"PropertyValueSpecification","valueRequired":true,"valueName":"search_term_string"}}],"inLanguage":"fr-FR"},{"@type":"Organization","@id":"https:\/\/open-procurement.com\/#organization","name":"Open Procurement","url":"https:\/\/open-procurement.com\/","logo":{"@type":"ImageObject","inLanguage":"fr-FR","@id":"https:\/\/open-procurement.com\/#\/schema\/logo\/image\/","url":"https:\/\/open-procurement.com\/wp-content\/uploads\/2021\/06\/cropped-fav.png","contentUrl":"https:\/\/open-procurement.com\/wp-content\/uploads\/2021\/06\/cropped-fav.png","width":512,"height":512,"caption":"Open Procurement"},"image":{"@id":"https:\/\/open-procurement.com\/#\/schema\/logo\/image\/"}}]}},"_links":{"self":[{"href":"https:\/\/open-procurement.com\/fr\/wp-json\/wp\/v2\/pages\/739","targetHints":{"allow":["GET"]}}],"collection":[{"href":"https:\/\/open-procurement.com\/fr\/wp-json\/wp\/v2\/pages"}],"about":[{"href":"https:\/\/open-procurement.com\/fr\/wp-json\/wp\/v2\/types\/page"}],"author":[{"embeddable":true,"href":"https:\/\/open-procurement.com\/fr\/wp-json\/wp\/v2\/users\/1"}],"replies":[{"embeddable":true,"href":"https:\/\/open-procurement.com\/fr\/wp-json\/wp\/v2\/comments?post=739"}],"version-history":[{"count":4,"href":"https:\/\/open-procurement.com\/fr\/wp-json\/wp\/v2\/pages\/739\/revisions"}],"predecessor-version":[{"id":870,"href":"https:\/\/open-procurement.com\/fr\/wp-json\/wp\/v2\/pages\/739\/revisions\/870"}],"wp:attachment":[{"href":"https:\/\/open-procurement.com\/fr\/wp-json\/wp\/v2\/media?parent=739"}],"curies":[{"name":"wp","href":"https:\/\/api.w.org\/{rel}","templated":true}]}}