{"id":736,"date":"2021-07-09T10:43:15","date_gmt":"2021-07-09T09:43:15","guid":{"rendered":"http:\/\/localhost:8888\/?page_id=736"},"modified":"2021-07-26T14:50:09","modified_gmt":"2021-07-26T13:50:09","slug":"cookie-policy","status":"publish","type":"page","link":"https:\/\/open-procurement.com\/fr\/cookie-policy\/","title":{"rendered":"Politique de cookies"},"content":{"rendered":"<h2><b>Informations sur notre utilisation des cookies<\/b><\/h2>\n<p>Cette politique vous informe sur les cookies et les technologies associ\u00e9es que nous utilisons sur nos sites Web<br \/>\n<u><a href=\"https:\/\/open-procurement.com\/fr\/\" target=\"_blank\" rel=\"noopener\"><i>www.open-procurement.com<\/i><\/a><\/u> et <u><a href=\"https:\/\/www.open-greenenergy.com\/\" target=\"_blank\" rel=\"noopener\"><i>www.open-greenenergy.com<\/i><\/a><\/u> (<b>notre site<\/b>).<\/p>\n<p>Cette politique s\u2019applique \u00e0 l\u2019ensemble des soci\u00e9t\u00e9s du groupe Open Rhodes. Cette politique a \u00e9t\u00e9 mise \u00e0 jour pour la derni\u00e8re fois le 8 mars 2021.<\/p>\n<p>Pour nous contacter veuillez envoyer un email <u><a href=\"mailto:hello@open-greenenergy.com\">hello@open-greenenergy.com<\/a><\/u>; <u><a href=\"mailto:hello@open-procurement.com\">hello@open-procurement.com<\/a><\/u> (le cas \u00e9ch\u00e9ant) ou t\u00e9l\u00e9phonez-nous au +44 (0)800 888 6025 (Open Green Energy), +44 (0)800 888 6015 (Open Procurement).<\/p>\n<p><b>Qu'est-ce qu'un cookie?: <\/b>Les cookies peuvent \u00eatre utilis\u00e9s pour vous distinguer des autres utilisateurs de notre site Web. Cela aide les entreprises \u00e0 vous offrir une bonne exp\u00e9rience lorsque vous naviguez sur des sites Web afin d'am\u00e9liorer le site Web.<\/p>\n<p>Un cookie est un petit fichier de lettres et de chiffres stock\u00e9 sur votre navigateur ou sur le disque dur de votre ordinateur si vous l'acceptez. Les cookies contiennent des informations qui sont transf\u00e9r\u00e9es sur le disque dur de votre ordinateur.<\/p>\n<p><b>Types de cookies: <\/b>Les cookies sont g\u00e9n\u00e9ralement r\u00e9partis dans les types suivants:<\/p>\n<ul>\n<li><b>Cookies strictement n\u00e9cessaires.<\/b> Il s'agit de cookies n\u00e9cessaires au fonctionnement de notre site Web. Ils incluent, par exemple, les cookies qui vous permettent de vous connecter \u00e0 des zones s\u00e9curis\u00e9es de sites Internet.<\/li>\n<li><b>Cookies d'analyse\/de performance.<\/b> Ils permettent aux propri\u00e9taires de sites Web de reconna\u00eetre et de compter le nombre de visiteurs et de voir comment les visiteurs se d\u00e9placent sur le site Web lorsqu'ils l'utilisent. Cela aide les entreprises \u00e0 am\u00e9liorer le fonctionnement des sites Web, par exemple en garantissant que les utilisateurs trouvent facilement ce qu'ils recherchent.<\/li>\n<li><b>Cookies de fonctionnalit\u00e9.<\/b> Ceux-ci sont utilis\u00e9s pour reconna\u00eetre les utilisateurs lorsque vous revenez sur un site Web. Cela permet aux sites Web de personnaliser le contenu pour vous, de vous saluer par votre nom et de m\u00e9moriser vos pr\u00e9f\u00e9rences (par exemple, votre choix de langue ou de r\u00e9gion).<\/li>\n<li><b>Ciblage des cookies.<\/b> Ces cookies enregistrent votre visite sur un site Internet, les pages que vous avez visit\u00e9es et les liens que vous avez suivis.<\/li>\n<\/ul>\n<p><b>Consentement: <\/b>Nous demanderons votre consentement avant d\u2019utiliser des cookies qui ne sont pas strictement n\u00e9cessaires.<\/p>\n<p><b>Cookies que nous utilisons sur notre site<\/b>: Nous utilisons actuellement uniquement <b>Google Analytics (universal _ga)<\/b> sur notre site. Ce cookie est utilis\u00e9 pour collecter des informations sur la mani\u00e8re dont les visiteurs utilisent notre site Web. Nous utilisons ces informations pour compiler des rapports et pour nous aider \u00e0 am\u00e9liorer le site. Le cookie collecte des informations d'une mani\u00e8re qui n'identifie directement personne, y compris le nombre de visiteurs du site, d'o\u00f9 les visiteurs sont venus sur le site et les pages qu'ils ont visit\u00e9es.<\/p>\n<p><b>Suivi des newsletters\/e-mails:<\/b> Nous recueillons des statistiques sur l'ouverture des e-mails et les clics \u00e0 l'aide de technologies standard de l'industrie, notamment des gifs clairs, pour nous aider \u00e0 surveiller et \u00e0 am\u00e9liorer notre newsletter \u00e9lectronique.<\/p>\n<p><b>Bloquer les cookies: <\/b>Vous pouvez bloquer les cookies en activant le param\u00e8tre de votre navigateur qui vous permet de refuser le param\u00e9trage de tout ou partie des cookies. Cependant, si vous utilisez les param\u00e8tres de votre navigateur pour bloquer tous les cookies (y compris les cookies essentiels), vous ne pourrez peut-\u00eatre pas acc\u00e9der \u00e0 tout ou partie de notre site.<\/p>\n<p><b>Expiration: <\/b>Tous les cookies expireront conform\u00e9ment \u00e0 l'utilisation des cookies de Google Analytics. Pour plus d\u2019informations, veuillez visiter:<\/p>\n<p><a href=\"https:\/\/developers.google.com\/analytics\/devguides\/collection\/analyticsjs\/cookie-usage\"><u>https:\/\/developers.google.com\/analytics\/devguides\/collection\/analyticsjs\/cookie-usage<\/u><\/a><\/p>","protected":false},"excerpt":{"rendered":"<p>Information about our use of cookies This Policy tells you about cookies and related technology which we&#8230;<\/p>","protected":false},"author":1,"featured_media":0,"parent":0,"menu_order":0,"comment_status":"closed","ping_status":"closed","template":"","meta":{"_acf_changed":false,"footnotes":""},"class_list":["post-736","page","type-page","status-publish","hentry"],"acf":[],"yoast_head":"<!-- This site is optimized with the Yoast SEO plugin v27.3 - https:\/\/yoast.com\/product\/yoast-seo-wordpress\/ -->\n<title>Cookie Policy | Open Procurement | Tailored, Expert Procurement-Solutions.<\/title>\n<meta name=\"description\" content=\"Tailored, expert procurement-solutions. We help businesses devise quality solutions that deliver the best value from procurement and suppliers\" \/>\n<meta name=\"robots\" content=\"index, follow, max-snippet:-1, max-image-preview:large, max-video-preview:-1\" \/>\n<link rel=\"canonical\" href=\"https:\/\/open-procurement.com\/fr\/cookie-policy\/\" \/>\n<meta property=\"og:locale\" content=\"fr_FR\" \/>\n<meta property=\"og:type\" content=\"article\" \/>\n<meta property=\"og:title\" content=\"Cookie Policy | Open Procurement | Tailored, Expert Procurement-Solutions.\" \/>\n<meta property=\"og:description\" content=\"Tailored, expert procurement-solutions. We help businesses devise quality solutions that deliver the best value from procurement and suppliers\" \/>\n<meta property=\"og:url\" content=\"https:\/\/open-procurement.com\/fr\/cookie-policy\/\" \/>\n<meta property=\"og:site_name\" content=\"Open Procurement\" \/>\n<meta property=\"article:modified_time\" content=\"2021-07-26T13:50:09+00:00\" \/>\n<meta name=\"twitter:card\" content=\"summary_large_image\" \/>\n<meta name=\"twitter:label1\" content=\"Dur\u00e9e de lecture estim\u00e9e\" \/>\n\t<meta name=\"twitter:data1\" content=\"3 minutes\" \/>\n<script type=\"application\/ld+json\" class=\"yoast-schema-graph\">{\"@context\":\"https:\\\/\\\/schema.org\",\"@graph\":[{\"@type\":\"WebPage\",\"@id\":\"https:\\\/\\\/open-procurement.com\\\/cookie-policy\\\/\",\"url\":\"https:\\\/\\\/open-procurement.com\\\/cookie-policy\\\/\",\"name\":\"Cookie Policy | Open Procurement | Tailored, Expert Procurement-Solutions.\",\"isPartOf\":{\"@id\":\"https:\\\/\\\/open-procurement.com\\\/#website\"},\"datePublished\":\"2021-07-09T09:43:15+00:00\",\"dateModified\":\"2021-07-26T13:50:09+00:00\",\"description\":\"Tailored, expert procurement-solutions. We help businesses devise quality solutions that deliver the best value from procurement and suppliers\",\"breadcrumb\":{\"@id\":\"https:\\\/\\\/open-procurement.com\\\/cookie-policy\\\/#breadcrumb\"},\"inLanguage\":\"fr-FR\",\"potentialAction\":[{\"@type\":\"ReadAction\",\"target\":[\"https:\\\/\\\/open-procurement.com\\\/cookie-policy\\\/\"]}]},{\"@type\":\"BreadcrumbList\",\"@id\":\"https:\\\/\\\/open-procurement.com\\\/cookie-policy\\\/#breadcrumb\",\"itemListElement\":[{\"@type\":\"ListItem\",\"position\":1,\"name\":\"Home\",\"item\":\"https:\\\/\\\/open-procurement.com\\\/\"},{\"@type\":\"ListItem\",\"position\":2,\"name\":\"Cookie Policy\"}]},{\"@type\":\"WebSite\",\"@id\":\"https:\\\/\\\/open-procurement.com\\\/#website\",\"url\":\"https:\\\/\\\/open-procurement.com\\\/\",\"name\":\"Open Procurement\",\"description\":\"\",\"publisher\":{\"@id\":\"https:\\\/\\\/open-procurement.com\\\/#organization\"},\"potentialAction\":[{\"@type\":\"SearchAction\",\"target\":{\"@type\":\"EntryPoint\",\"urlTemplate\":\"https:\\\/\\\/open-procurement.com\\\/?s={search_term_string}\"},\"query-input\":{\"@type\":\"PropertyValueSpecification\",\"valueRequired\":true,\"valueName\":\"search_term_string\"}}],\"inLanguage\":\"fr-FR\"},{\"@type\":\"Organization\",\"@id\":\"https:\\\/\\\/open-procurement.com\\\/#organization\",\"name\":\"Open Procurement\",\"url\":\"https:\\\/\\\/open-procurement.com\\\/\",\"logo\":{\"@type\":\"ImageObject\",\"inLanguage\":\"fr-FR\",\"@id\":\"https:\\\/\\\/open-procurement.com\\\/#\\\/schema\\\/logo\\\/image\\\/\",\"url\":\"https:\\\/\\\/open-procurement.com\\\/wp-content\\\/uploads\\\/2021\\\/06\\\/cropped-fav.png\",\"contentUrl\":\"https:\\\/\\\/open-procurement.com\\\/wp-content\\\/uploads\\\/2021\\\/06\\\/cropped-fav.png\",\"width\":512,\"height\":512,\"caption\":\"Open Procurement\"},\"image\":{\"@id\":\"https:\\\/\\\/open-procurement.com\\\/#\\\/schema\\\/logo\\\/image\\\/\"}}]}<\/script>\n<!-- \/ Yoast SEO plugin. -->","yoast_head_json":{"title":"Cookie Policy | Open Procurement | Tailored, Expert Procurement-Solutions.","description":"Tailored, expert procurement-solutions. We help businesses devise quality solutions that deliver the best value from procurement and suppliers","robots":{"index":"index","follow":"follow","max-snippet":"max-snippet:-1","max-image-preview":"max-image-preview:large","max-video-preview":"max-video-preview:-1"},"canonical":"https:\/\/open-procurement.com\/fr\/cookie-policy\/","og_locale":"fr_FR","og_type":"article","og_title":"Cookie Policy | Open Procurement | Tailored, Expert Procurement-Solutions.","og_description":"Tailored, expert procurement-solutions. We help businesses devise quality solutions that deliver the best value from procurement and suppliers","og_url":"https:\/\/open-procurement.com\/fr\/cookie-policy\/","og_site_name":"Open Procurement","article_modified_time":"2021-07-26T13:50:09+00:00","twitter_card":"summary_large_image","twitter_misc":{"Dur\u00e9e de lecture estim\u00e9e":"3 minutes"},"schema":{"@context":"https:\/\/schema.org","@graph":[{"@type":"WebPage","@id":"https:\/\/open-procurement.com\/cookie-policy\/","url":"https:\/\/open-procurement.com\/cookie-policy\/","name":"Cookie Policy | Open Procurement | Tailored, Expert Procurement-Solutions.","isPartOf":{"@id":"https:\/\/open-procurement.com\/#website"},"datePublished":"2021-07-09T09:43:15+00:00","dateModified":"2021-07-26T13:50:09+00:00","description":"Tailored, expert procurement-solutions. We help businesses devise quality solutions that deliver the best value from procurement and suppliers","breadcrumb":{"@id":"https:\/\/open-procurement.com\/cookie-policy\/#breadcrumb"},"inLanguage":"fr-FR","potentialAction":[{"@type":"ReadAction","target":["https:\/\/open-procurement.com\/cookie-policy\/"]}]},{"@type":"BreadcrumbList","@id":"https:\/\/open-procurement.com\/cookie-policy\/#breadcrumb","itemListElement":[{"@type":"ListItem","position":1,"name":"Home","item":"https:\/\/open-procurement.com\/"},{"@type":"ListItem","position":2,"name":"Cookie Policy"}]},{"@type":"WebSite","@id":"https:\/\/open-procurement.com\/#website","url":"https:\/\/open-procurement.com\/","name":"Open Procurement","description":"","publisher":{"@id":"https:\/\/open-procurement.com\/#organization"},"potentialAction":[{"@type":"SearchAction","target":{"@type":"EntryPoint","urlTemplate":"https:\/\/open-procurement.com\/?s={search_term_string}"},"query-input":{"@type":"PropertyValueSpecification","valueRequired":true,"valueName":"search_term_string"}}],"inLanguage":"fr-FR"},{"@type":"Organization","@id":"https:\/\/open-procurement.com\/#organization","name":"Open Procurement","url":"https:\/\/open-procurement.com\/","logo":{"@type":"ImageObject","inLanguage":"fr-FR","@id":"https:\/\/open-procurement.com\/#\/schema\/logo\/image\/","url":"https:\/\/open-procurement.com\/wp-content\/uploads\/2021\/06\/cropped-fav.png","contentUrl":"https:\/\/open-procurement.com\/wp-content\/uploads\/2021\/06\/cropped-fav.png","width":512,"height":512,"caption":"Open Procurement"},"image":{"@id":"https:\/\/open-procurement.com\/#\/schema\/logo\/image\/"}}]}},"_links":{"self":[{"href":"https:\/\/open-procurement.com\/fr\/wp-json\/wp\/v2\/pages\/736","targetHints":{"allow":["GET"]}}],"collection":[{"href":"https:\/\/open-procurement.com\/fr\/wp-json\/wp\/v2\/pages"}],"about":[{"href":"https:\/\/open-procurement.com\/fr\/wp-json\/wp\/v2\/types\/page"}],"author":[{"embeddable":true,"href":"https:\/\/open-procurement.com\/fr\/wp-json\/wp\/v2\/users\/1"}],"replies":[{"embeddable":true,"href":"https:\/\/open-procurement.com\/fr\/wp-json\/wp\/v2\/comments?post=736"}],"version-history":[{"count":4,"href":"https:\/\/open-procurement.com\/fr\/wp-json\/wp\/v2\/pages\/736\/revisions"}],"predecessor-version":[{"id":866,"href":"https:\/\/open-procurement.com\/fr\/wp-json\/wp\/v2\/pages\/736\/revisions\/866"}],"wp:attachment":[{"href":"https:\/\/open-procurement.com\/fr\/wp-json\/wp\/v2\/media?parent=736"}],"curies":[{"name":"wp","href":"https:\/\/api.w.org\/{rel}","templated":true}]}}