{"id":739,"date":"2021-07-09T10:45:35","date_gmt":"2021-07-09T09:45:35","guid":{"rendered":"http:\/\/localhost:8888\/?page_id=739"},"modified":"2021-07-19T17:09:36","modified_gmt":"2021-07-19T16:09:36","slug":"terms-of-use","status":"publish","type":"page","link":"https:\/\/open-procurement.com\/es\/terms-of-use\/","title":{"rendered":"Condiciones de uso"},"content":{"rendered":"<p><strong>POR FAVOR LEA ESTOS T\u00c9RMINOS Y CONDICIONES DETENIDAMENTE ANTES DE UTILIZAR ESTE SITIO<\/strong><\/p>\n<h3>\u00bfQu\u00e9 hay en estos t\u00e9rminos?<\/h3>\n<p>Estos t\u00e9rminos le indican las reglas para usar nuestros sitios web www.open-procurement.com y www.open-greenenergy.com (nuestro sitio).<\/p>\n<h3>Qui\u00e9nes somos y c\u00f3mo contactarnos<\/h3>\n<p>Somos Open Rhodes Group, que est\u00e1 formado por Open Rhodes Limited (que opera como Open Procurement) y Open Green Energy Limited (juntos Open Rhodes Group).<\/p>\n<p>Para contactarnos, incluso para plantear cualquier problema o queja en relaci\u00f3n con nuestros sitios web y servicios, env\u00ede un correo electr\u00f3nico <a href=\"mailto:hello@open-procurement.com\">hello@open-procurement.com<\/a>; o ll\u00e1manos al <a href=\"tel:00448008886025\">+44 (0)800 888 6025<\/a>.<\/p>\n<h3>Al utilizar nuestro sitio usted acepta estos t\u00e9rminos<\/h3>\n<p>Al utilizar nuestro sitio, usted confirma que acepta estos t\u00e9rminos de uso y que acepta cumplirlos.<\/p>\n<p>Si no est\u00e1 de acuerdo con estos t\u00e9rminos, no debe utilizar nuestro sitio.<\/p>\n<p>Le recomendamos que imprima una copia de estos t\u00e9rminos para referencia futura.<\/p>\n<h3>Hay otros t\u00e9rminos que pueden aplicarse a usted<\/h3>\n<p>Estos t\u00e9rminos de uso se refieren a los siguientes t\u00e9rminos adicionales, que tambi\u00e9n se aplican a su uso de nuestro sitio:<\/p>\n<ul>\n<li>Nuestro <a href=\"http:\/\/www.open-greenenergy.com\/privacy-policy\/\">Pol\u00edtica de privacidad<\/a>. Consulte m\u00e1s informaci\u00f3n en C\u00f3mo podemos utilizar su informaci\u00f3n personal.<\/li>\n<li>Nuestro <a href=\"http:\/\/www.open-greenenergy.com\/cookie-policy\/\">Pol\u00edtica de cookies<\/a> que establece informaci\u00f3n sobre las cookies en nuestro sitio.<\/li>\n<\/ul>\n<h3>Podemos hacer cambios a estos t\u00e9rminos<\/h3>\n<p>Modificamos estos t\u00e9rminos de vez en cuando. Cada vez que desee utilizar nuestro sitio, verifique estos t\u00e9rminos para asegurarse de comprender los t\u00e9rminos que se aplican en ese momento.<\/p>\n<h3>Podemos realizar cambios en nuestro sitio.<\/h3>\n<p>Podemos actualizar y cambiar nuestro sitio de vez en cuando para reflejar cambios en nuestros productos, las necesidades de nuestros usuarios y nuestras prioridades comerciales, o seg\u00fan sea necesario para reflejar cambios en las leyes o regulaciones.<\/p>\n<h3>Podemos suspender o retirar nuestro sitio<\/h3>\n<p>Nuestro sitio est\u00e1 disponible de forma gratuita.<\/p>\n<p>No garantizamos que nuestro sitio, o cualquier contenido del mismo, est\u00e9 siempre disponible o sea ininterrumpido. Podemos suspender, retirar o restringir la disponibilidad de todo o parte de nuestro sitio por razones comerciales y operativas. Intentaremos avisarle con antelaci\u00f3n razonable sobre cualquier suspensi\u00f3n o retirada.<\/p>\n<h3>Podemos transferir este acuerdo a otra persona<\/h3>\n<p>Podemos transferir nuestros derechos y obligaciones bajo estos t\u00e9rminos a otra organizaci\u00f3n. Siempre le informaremos por escrito si esto sucede y nos aseguraremos de que la transferencia no afectar\u00e1 sus derechos seg\u00fan el contrato.<\/p>\n<h3>Nuestro sitio es s\u00f3lo para usuarios en el Reino Unido<\/h3>\n<p>Nuestro sitio est\u00e1 dirigido a personas que residen en el Reino Unido. No declaramos que el contenido disponible en nuestro sitio o a trav\u00e9s de \u00e9l sea apropiado para su uso o est\u00e9 disponible en otras ubicaciones.<\/p>\n<h3>El material en nuestro sitio<\/h3>\n<p>Somos propietarios o licenciatarios de todos los derechos de propiedad intelectual de nuestro sitio y del material publicado en \u00e9l. Esas obras est\u00e1n protegidas por leyes y tratados de derechos de autor en todo el mundo. Todos los derechos est\u00e1n reservados.<\/p>\n<p>No debe utilizar ninguna parte del contenido de nuestro sitio con fines comerciales sin obtener una licencia para hacerlo de parte nuestra o de nuestros licenciantes.<\/p>\n<h3>No conf\u00ede en la informaci\u00f3n de este sitio<\/h3>\n<p>El contenido de nuestro sitio se proporciona \u00fanicamente para informaci\u00f3n general. No pretende ser un consejo en el que usted deba confiar. Debe obtener asesoramiento profesional o especializado antes de realizar o abstenerse de realizar cualquier acci\u00f3n basada en el contenido de nuestro sitio.<\/p>\n<p>Aunque hacemos esfuerzos razonables para actualizar la informaci\u00f3n de nuestro sitio, no hacemos ninguna declaraci\u00f3n ni garant\u00eda, ya sea expresa o impl\u00edcita, de que el contenido de nuestro sitio sea preciso, completo o est\u00e9 actualizado.<\/p>\n<h3>No somos responsables de los sitios web a los que enlazamos<\/h3>\n<p>Cuando nuestro sitio contiene enlaces a otros sitios y recursos proporcionados por terceros, estos enlaces se proporcionan \u00fanicamente para su informaci\u00f3n. Dichos enlaces no deben interpretarse como nuestra aprobaci\u00f3n de esos sitios web vinculados o de la informaci\u00f3n que usted pueda obtener de ellos.<\/p>\n<h3>No tenemos control sobre el contenido de esos sitios o recursos.<\/h3>\n<h3>Nuestra responsabilidad por p\u00e9rdidas o da\u00f1os sufridos por usted, ya sea un consumidor o un usuario empresarial:<\/h3>\n<ul>\n<li>No excluimos ni limitamos de ninguna manera nuestra responsabilidad hacia usted cuando ser\u00eda ilegal hacerlo. Esto incluye responsabilidad por muerte o lesiones personales causadas por nuestra negligencia o la negligencia de nuestros empleados, agentes o subcontratistas y por fraude o tergiversaci\u00f3n fraudulenta.<\/li>\n<\/ul>\n<h3>Si eres un usuario empresarial:<\/h3>\n<ul>\n<li>Excluimos todas las condiciones impl\u00edcitas, garant\u00edas, representaciones u otros t\u00e9rminos que puedan aplicarse a nuestro sitio o cualquier contenido del mismo.<\/li>\n<li>No seremos responsables ante usted por ninguna p\u00e9rdida o da\u00f1o, ya sea por contrato, agravio (incluida negligencia), incumplimiento de obligaciones legales o de otro modo, incluso si es previsible, que surja de o en conexi\u00f3n con:<\/li>\n<li>uso o imposibilidad de usar nuestro sitio; o<\/li>\n<li>uso o confianza en cualquier contenido mostrado en nuestro sitio.<\/li>\n<\/ul>\n<h3>Si eres usuario consumidor:<\/h3>\n<p>Tenga en cuenta que solo proporcionamos nuestro sitio para uso dom\u00e9stico y privado. Usted acepta no utilizar nuestro sitio para fines comerciales o comerciales, y no tenemos ninguna responsabilidad ante usted por cualquier p\u00e9rdida de ganancias, p\u00e9rdida de negocios, interrupci\u00f3n del negocio o p\u00e9rdida de oportunidades comerciales.<\/p>\n<p>Si el contenido digital defectuoso que hemos suministrado da\u00f1a un dispositivo o contenido digital que le pertenece y esto se debe a que no utilizamos el cuidado y la habilidad razonables, repararemos el da\u00f1o o le pagaremos una compensaci\u00f3n.<\/p>\n<h3>C\u00f3mo podemos utilizar su informaci\u00f3n personal<\/h3>\n<p>S\u00f3lo utilizaremos su informaci\u00f3n personal como se establece en nuestra <a href=\"http:\/\/www.open-greenenergy.com\/privacy-policy\/\">Pol\u00edtica de privacidad<\/a>.<\/p>\n<h3>Derechos que nos otorgas para usar el material que subes<\/h3>\n<p>Cuando carga o env\u00eda contenido de una publicaci\u00f3n a nosotros o a nuestro sitio, nos otorga los siguientes derechos para usar ese contenido:<\/p>\n<p>una licencia mundial, permanente, no exclusiva, libre de regal\u00edas y transferible para usar, reproducir, distribuir, preparar trabajos derivados, mostrar y ejecutar ese contenido generado por el usuario en relaci\u00f3n con el servicio proporcionado por el sitio web y a trav\u00e9s de diferentes medios, incluidos para promocionar el sitio o el servicio.<br \/>\nNo somos responsables de los virus y no debes introducirlos.<br \/>\nNo garantizamos que nuestro sitio sea seguro o est\u00e9 libre de errores o virus.<br \/>\nUsted es responsable de configurar su tecnolog\u00eda de la informaci\u00f3n, sus programas inform\u00e1ticos y su plataforma para acceder a nuestro sitio. Debe utilizar su propio software de protecci\u00f3n antivirus.<\/p>\n<p>No debe hacer un mal uso de nuestro sitio introduciendo deliberadamente virus, troyanos, gusanos, bombas l\u00f3gicas u otro material que sea malicioso o tecnol\u00f3gicamente da\u00f1ino. No debe intentar obtener acceso no autorizado a nuestro sitio, al servidor en el que est\u00e1 almacenado nuestro sitio ni a ning\u00fan servidor, computadora o base de datos conectada a nuestro sitio. No debe atacar nuestro sitio mediante un ataque de denegaci\u00f3n de servicio o un ataque distribuido de denegaci\u00f3n de servicio. Al incumplir esta disposici\u00f3n, cometer\u00eda un delito penal seg\u00fan la Ley de uso indebido de computadoras de 1990. Informaremos de cualquier incumplimiento de este tipo a las autoridades policiales pertinentes y cooperaremos con esas autoridades revel\u00e1ndoles su identidad. En caso de tal incumplimiento, su derecho a utilizar nuestro sitio cesar\u00e1 inmediatamente.<\/p>\n<h3>Reglas sobre enlaces a nuestro sitio<\/h3>\n<p>Puede vincular a nuestra p\u00e1gina de inicio, siempre que lo haga de manera justa y legal y no da\u00f1e nuestra reputaci\u00f3n ni se aproveche de ella.<\/p>\n<p>No debe establecer un v\u00ednculo de tal manera que sugiera cualquier forma de asociaci\u00f3n, aprobaci\u00f3n o respaldo por nuestra parte cuando no exista ninguno.<\/p>\n<p>Nuestro sitio no debe estar enmarcado en ning\u00fan otro sitio, ni usted puede crear un enlace a ninguna parte de nuestro sitio que no sea la p\u00e1gina de inicio.<\/p>\n<p>Nos reservamos el derecho de retirar el permiso de vinculaci\u00f3n sin previo aviso.<\/p>\n<h3>\u00bfLas leyes de qu\u00e9 pa\u00eds se aplican a cualquier disputa?<\/h3>\n<p>Si es un consumidor, tenga en cuenta que estas condiciones de uso, su objeto y su formaci\u00f3n se rigen por la ley inglesa. Usted y nosotros aceptamos que los tribunales de Inglaterra y Gales tendr\u00e1n jurisdicci\u00f3n exclusiva, excepto que si usted es residente de Irlanda del Norte, tambi\u00e9n puede entablar procedimientos en Irlanda del Norte y, si es residente de Escocia, tambi\u00e9n puede entablar procedimientos en Escocia.<\/p>\n<p>Si usted es una empresa, estos t\u00e9rminos de uso, su objeto y su formaci\u00f3n (y cualquier disputa o reclamo no contractual) se rigen por la ley inglesa. Ambos aceptamos la jurisdicci\u00f3n exclusiva de los tribunales de Inglaterra y Gales.<\/p>\n<h3>Nuestras marcas est\u00e1n registradas<\/h3>\n<p>No se le permite utilizar ninguna de nuestras marcas comerciales, im\u00e1genes de marca o logotipos, ni los de ninguna otra parte en nuestro sitio web, sin nuestra aprobaci\u00f3n.<\/p>","protected":false},"excerpt":{"rendered":"<p>PLEASE READ THESE TERMS AND CONDITIONS CAREFULLY BEFORE USING THIS SITE What&#8217;s in these terms? These terms&#8230;<\/p>","protected":false},"author":1,"featured_media":0,"parent":0,"menu_order":0,"comment_status":"closed","ping_status":"closed","template":"","meta":{"_acf_changed":false,"footnotes":""},"class_list":["post-739","page","type-page","status-publish","hentry"],"acf":[],"yoast_head":"<!-- This site is optimized with the Yoast SEO plugin v27.3 - https:\/\/yoast.com\/product\/yoast-seo-wordpress\/ -->\n<title>Terms of Use | Open Procurement | Tailored, Expert Procurement-Solutions.<\/title>\n<meta name=\"description\" content=\"Tailored, expert procurement-solutions. We help businesses devise quality solutions that deliver the best value from procurement and suppliers\" \/>\n<meta name=\"robots\" content=\"index, follow, max-snippet:-1, max-image-preview:large, max-video-preview:-1\" \/>\n<link rel=\"canonical\" href=\"https:\/\/open-procurement.com\/es\/terms-of-use\/\" \/>\n<meta property=\"og:locale\" content=\"es_ES\" \/>\n<meta property=\"og:type\" content=\"article\" \/>\n<meta property=\"og:title\" content=\"Terms of Use | Open Procurement | Tailored, Expert Procurement-Solutions.\" \/>\n<meta property=\"og:description\" content=\"Tailored, expert procurement-solutions. We help businesses devise quality solutions that deliver the best value from procurement and suppliers\" \/>\n<meta property=\"og:url\" content=\"https:\/\/open-procurement.com\/es\/terms-of-use\/\" \/>\n<meta property=\"og:site_name\" content=\"Open Procurement\" \/>\n<meta property=\"article:modified_time\" content=\"2021-07-19T16:09:36+00:00\" \/>\n<meta name=\"twitter:card\" content=\"summary_large_image\" \/>\n<meta name=\"twitter:label1\" content=\"Tiempo de lectura\" \/>\n\t<meta name=\"twitter:data1\" content=\"7 minutos\" \/>\n<script type=\"application\/ld+json\" class=\"yoast-schema-graph\">{\"@context\":\"https:\\\/\\\/schema.org\",\"@graph\":[{\"@type\":\"WebPage\",\"@id\":\"https:\\\/\\\/open-procurement.com\\\/terms-of-use\\\/\",\"url\":\"https:\\\/\\\/open-procurement.com\\\/terms-of-use\\\/\",\"name\":\"Terms of Use | Open Procurement | Tailored, Expert Procurement-Solutions.\",\"isPartOf\":{\"@id\":\"https:\\\/\\\/open-procurement.com\\\/#website\"},\"datePublished\":\"2021-07-09T09:45:35+00:00\",\"dateModified\":\"2021-07-19T16:09:36+00:00\",\"description\":\"Tailored, expert procurement-solutions. We help businesses devise quality solutions that deliver the best value from procurement and suppliers\",\"breadcrumb\":{\"@id\":\"https:\\\/\\\/open-procurement.com\\\/terms-of-use\\\/#breadcrumb\"},\"inLanguage\":\"es\",\"potentialAction\":[{\"@type\":\"ReadAction\",\"target\":[\"https:\\\/\\\/open-procurement.com\\\/terms-of-use\\\/\"]}]},{\"@type\":\"BreadcrumbList\",\"@id\":\"https:\\\/\\\/open-procurement.com\\\/terms-of-use\\\/#breadcrumb\",\"itemListElement\":[{\"@type\":\"ListItem\",\"position\":1,\"name\":\"Home\",\"item\":\"https:\\\/\\\/open-procurement.com\\\/\"},{\"@type\":\"ListItem\",\"position\":2,\"name\":\"Terms of Use\"}]},{\"@type\":\"WebSite\",\"@id\":\"https:\\\/\\\/open-procurement.com\\\/#website\",\"url\":\"https:\\\/\\\/open-procurement.com\\\/\",\"name\":\"Open Procurement\",\"description\":\"\",\"publisher\":{\"@id\":\"https:\\\/\\\/open-procurement.com\\\/#organization\"},\"potentialAction\":[{\"@type\":\"SearchAction\",\"target\":{\"@type\":\"EntryPoint\",\"urlTemplate\":\"https:\\\/\\\/open-procurement.com\\\/?s={search_term_string}\"},\"query-input\":{\"@type\":\"PropertyValueSpecification\",\"valueRequired\":true,\"valueName\":\"search_term_string\"}}],\"inLanguage\":\"es\"},{\"@type\":\"Organization\",\"@id\":\"https:\\\/\\\/open-procurement.com\\\/#organization\",\"name\":\"Open Procurement\",\"url\":\"https:\\\/\\\/open-procurement.com\\\/\",\"logo\":{\"@type\":\"ImageObject\",\"inLanguage\":\"es\",\"@id\":\"https:\\\/\\\/open-procurement.com\\\/#\\\/schema\\\/logo\\\/image\\\/\",\"url\":\"https:\\\/\\\/open-procurement.com\\\/wp-content\\\/uploads\\\/2021\\\/06\\\/cropped-fav.png\",\"contentUrl\":\"https:\\\/\\\/open-procurement.com\\\/wp-content\\\/uploads\\\/2021\\\/06\\\/cropped-fav.png\",\"width\":512,\"height\":512,\"caption\":\"Open Procurement\"},\"image\":{\"@id\":\"https:\\\/\\\/open-procurement.com\\\/#\\\/schema\\\/logo\\\/image\\\/\"}}]}<\/script>\n<!-- \/ Yoast SEO plugin. -->","yoast_head_json":{"title":"Terms of Use | Open Procurement | Tailored, Expert Procurement-Solutions.","description":"Tailored, expert procurement-solutions. We help businesses devise quality solutions that deliver the best value from procurement and suppliers","robots":{"index":"index","follow":"follow","max-snippet":"max-snippet:-1","max-image-preview":"max-image-preview:large","max-video-preview":"max-video-preview:-1"},"canonical":"https:\/\/open-procurement.com\/es\/terms-of-use\/","og_locale":"es_ES","og_type":"article","og_title":"Terms of Use | Open Procurement | Tailored, Expert Procurement-Solutions.","og_description":"Tailored, expert procurement-solutions. We help businesses devise quality solutions that deliver the best value from procurement and suppliers","og_url":"https:\/\/open-procurement.com\/es\/terms-of-use\/","og_site_name":"Open Procurement","article_modified_time":"2021-07-19T16:09:36+00:00","twitter_card":"summary_large_image","twitter_misc":{"Tiempo de lectura":"7 minutos"},"schema":{"@context":"https:\/\/schema.org","@graph":[{"@type":"WebPage","@id":"https:\/\/open-procurement.com\/terms-of-use\/","url":"https:\/\/open-procurement.com\/terms-of-use\/","name":"Terms of Use | Open Procurement | Tailored, Expert Procurement-Solutions.","isPartOf":{"@id":"https:\/\/open-procurement.com\/#website"},"datePublished":"2021-07-09T09:45:35+00:00","dateModified":"2021-07-19T16:09:36+00:00","description":"Tailored, expert procurement-solutions. We help businesses devise quality solutions that deliver the best value from procurement and suppliers","breadcrumb":{"@id":"https:\/\/open-procurement.com\/terms-of-use\/#breadcrumb"},"inLanguage":"es","potentialAction":[{"@type":"ReadAction","target":["https:\/\/open-procurement.com\/terms-of-use\/"]}]},{"@type":"BreadcrumbList","@id":"https:\/\/open-procurement.com\/terms-of-use\/#breadcrumb","itemListElement":[{"@type":"ListItem","position":1,"name":"Home","item":"https:\/\/open-procurement.com\/"},{"@type":"ListItem","position":2,"name":"Terms of Use"}]},{"@type":"WebSite","@id":"https:\/\/open-procurement.com\/#website","url":"https:\/\/open-procurement.com\/","name":"Open Procurement","description":"","publisher":{"@id":"https:\/\/open-procurement.com\/#organization"},"potentialAction":[{"@type":"SearchAction","target":{"@type":"EntryPoint","urlTemplate":"https:\/\/open-procurement.com\/?s={search_term_string}"},"query-input":{"@type":"PropertyValueSpecification","valueRequired":true,"valueName":"search_term_string"}}],"inLanguage":"es"},{"@type":"Organization","@id":"https:\/\/open-procurement.com\/#organization","name":"Open Procurement","url":"https:\/\/open-procurement.com\/","logo":{"@type":"ImageObject","inLanguage":"es","@id":"https:\/\/open-procurement.com\/#\/schema\/logo\/image\/","url":"https:\/\/open-procurement.com\/wp-content\/uploads\/2021\/06\/cropped-fav.png","contentUrl":"https:\/\/open-procurement.com\/wp-content\/uploads\/2021\/06\/cropped-fav.png","width":512,"height":512,"caption":"Open Procurement"},"image":{"@id":"https:\/\/open-procurement.com\/#\/schema\/logo\/image\/"}}]}},"_links":{"self":[{"href":"https:\/\/open-procurement.com\/es\/wp-json\/wp\/v2\/pages\/739","targetHints":{"allow":["GET"]}}],"collection":[{"href":"https:\/\/open-procurement.com\/es\/wp-json\/wp\/v2\/pages"}],"about":[{"href":"https:\/\/open-procurement.com\/es\/wp-json\/wp\/v2\/types\/page"}],"author":[{"embeddable":true,"href":"https:\/\/open-procurement.com\/es\/wp-json\/wp\/v2\/users\/1"}],"replies":[{"embeddable":true,"href":"https:\/\/open-procurement.com\/es\/wp-json\/wp\/v2\/comments?post=739"}],"version-history":[{"count":4,"href":"https:\/\/open-procurement.com\/es\/wp-json\/wp\/v2\/pages\/739\/revisions"}],"predecessor-version":[{"id":870,"href":"https:\/\/open-procurement.com\/es\/wp-json\/wp\/v2\/pages\/739\/revisions\/870"}],"wp:attachment":[{"href":"https:\/\/open-procurement.com\/es\/wp-json\/wp\/v2\/media?parent=739"}],"curies":[{"name":"wp","href":"https:\/\/api.w.org\/{rel}","templated":true}]}}