{"id":736,"date":"2021-07-09T10:43:15","date_gmt":"2021-07-09T09:43:15","guid":{"rendered":"http:\/\/localhost:8888\/?page_id=736"},"modified":"2021-07-26T14:50:09","modified_gmt":"2021-07-26T13:50:09","slug":"cookie-policy","status":"publish","type":"page","link":"https:\/\/open-procurement.com\/es\/cookie-policy\/","title":{"rendered":"Pol\u00edtica de cookies"},"content":{"rendered":"<h2><b>Informaci\u00f3n sobre nuestro uso de cookies<\/b><\/h2>\n<p>Esta Pol\u00edtica le informa sobre las cookies y la tecnolog\u00eda relacionada que utilizamos en nuestros sitios web<br \/>\n<u><a href=\"https:\/\/open-procurement.com\/es\/\" target=\"_blank\" rel=\"noopener\"><i>www.open-procurement.com<\/i><\/a><\/u> y <u><a href=\"https:\/\/www.open-greenenergy.com\/\" target=\"_blank\" rel=\"noopener\"><i>www.open-greenenergy.com<\/i><\/a><\/u> (<b>nuestro sitio<\/b>).<\/p>\n<p>Esta Pol\u00edtica se aplica a la totalidad del Open Rhodes Group. Esta Pol\u00edtica se actualiz\u00f3 por \u00faltima vez el 8 de marzo de 2021.<\/p>\n<p>Para contactarnos por favor env\u00ede un correo electr\u00f3nico <u><a href=\"mailto:hello@open-greenenergy.com\">hello@open-greenenergy.com<\/a><\/u>; <u><a href=\"mailto:hello@open-procurement.com\">hello@open-procurement.com<\/a><\/u> (seg\u00fan corresponda) o ll\u00e1menos al +44 (0)800 888 6025 (Open Green Energy), +44 (0)800 888 6015 (Open Procurement).<\/p>\n<p><b>\u00bfQu\u00e9 es una cookie?: <\/b>Se pueden utilizar cookies para distinguirlo de otros usuarios de nuestro sitio web. Esto ayuda a las empresas a brindarle una buena experiencia cuando navega por sitios web para mejorarlos.<\/p>\n<p>Una cookie es un peque\u00f1o archivo de letras y n\u00fameros que se almacena en su navegador o en el disco duro de su computadora si usted est\u00e1 de acuerdo. Las cookies contienen informaci\u00f3n que se transfiere al disco duro de su computadora.<\/p>\n<p><b>Tipos de las cookies <\/b>Las cookies suelen dividirse en los siguientes tipos:<\/p>\n<ul>\n<li><b>Cookies estrictamente necesarias.<\/b> Estas son cookies necesarias para el funcionamiento de nuestro sitio web. Incluyen, por ejemplo, cookies que le permiten iniciar sesi\u00f3n en \u00e1reas seguras de sitios web.<\/li>\n<li><b>Cookies anal\u00edticas\/de rendimiento.<\/b> Permiten a los propietarios de sitios web reconocer y contar el n\u00famero de visitantes y ver c\u00f3mo los visitantes se mueven por el sitio web cuando lo utilizan. Esto ayuda a las empresas a mejorar la forma en que funcionan los sitios web, por ejemplo, garantizando que los usuarios encuentren f\u00e1cilmente lo que buscan.<\/li>\n<li><b>Cookies de funcionalidad.<\/b> Se utilizan para reconocer a los usuarios cuando regresan a un sitio web. Esto permite que los sitios web personalicen el contenido para usted, lo saluden por su nombre y recuerden sus preferencias (por ejemplo, su elecci\u00f3n de idioma o regi\u00f3n).<\/li>\n<li><b>Cookies de orientaci\u00f3n.<\/b> Estas cookies registran su visita a un sitio web, las p\u00e1ginas que ha visitado y los enlaces que ha seguido.<\/li>\n<\/ul>\n<p><b>Consentir: <\/b>Solicitaremos su consentimiento antes de utilizar cookies que no sean estrictamente necesarias.<\/p>\n<p><b>Cookies que utilizamos en nuestro sitio<\/b>: Actualmente solo utilizamos <b>Google Analytics (universal _ga)<\/b> en nuestro sitio. Esta cookie se utiliza para recopilar informaci\u00f3n sobre c\u00f3mo los visitantes utilizan nuestro sitio web. Usamos la informaci\u00f3n para compilar informes y ayudarnos a mejorar el sitio. La cookie recopila informaci\u00f3n de una manera que no identifica directamente a nadie, incluido el n\u00famero de visitantes del sitio, desde d\u00f3nde llegaron los visitantes al sitio y las p\u00e1ginas que visitaron.<\/p>\n<p><b>Boletines\/seguimiento de correo electr\u00f3nico:<\/b> Recopilamos estad\u00edsticas sobre la apertura de correos electr\u00f3nicos y los clics utilizando tecnolog\u00edas est\u00e1ndar de la industria, incluidos gifs transparentes, para ayudarnos a monitorear y mejorar nuestro bolet\u00edn electr\u00f3nico.<\/p>\n<p><b>Bloqueo de cookies: <\/b>Puedes bloquear las cookies activando la configuraci\u00f3n en tu navegador que te permite rechazar la instalaci\u00f3n de todas o algunas de las cookies. Sin embargo, si utiliza la configuraci\u00f3n de su navegador para bloquear todas las cookies (incluidas las cookies esenciales), es posible que no pueda acceder a todo o parte de nuestro sitio.<\/p>\n<p><b>Expiraci\u00f3n: <\/b>Todas las cookies caducan seg\u00fan el uso de cookies de Google Analytics. Para obtener m\u00e1s informaci\u00f3n, visite:<\/p>\n<p><a href=\"https:\/\/developers.google.com\/analytics\/devguides\/collection\/analyticsjs\/cookie-usage\"><u>https:\/\/developers.google.com\/analytics\/devguides\/collection\/analyticsjs\/cookie-usage<\/u><\/a><\/p>","protected":false},"excerpt":{"rendered":"<p>Information about our use of cookies This Policy tells you about cookies and related technology which we&#8230;<\/p>","protected":false},"author":1,"featured_media":0,"parent":0,"menu_order":0,"comment_status":"closed","ping_status":"closed","template":"","meta":{"_acf_changed":false,"footnotes":""},"class_list":["post-736","page","type-page","status-publish","hentry"],"acf":[],"yoast_head":"<!-- This site is optimized with the Yoast SEO plugin v27.3 - https:\/\/yoast.com\/product\/yoast-seo-wordpress\/ -->\n<title>Cookie Policy | Open Procurement | Tailored, Expert Procurement-Solutions.<\/title>\n<meta name=\"description\" content=\"Tailored, expert procurement-solutions. We help businesses devise quality solutions that deliver the best value from procurement and suppliers\" \/>\n<meta name=\"robots\" content=\"index, follow, max-snippet:-1, max-image-preview:large, max-video-preview:-1\" \/>\n<link rel=\"canonical\" href=\"https:\/\/open-procurement.com\/es\/cookie-policy\/\" \/>\n<meta property=\"og:locale\" content=\"es_ES\" \/>\n<meta property=\"og:type\" content=\"article\" \/>\n<meta property=\"og:title\" content=\"Cookie Policy | Open Procurement | Tailored, Expert Procurement-Solutions.\" \/>\n<meta property=\"og:description\" content=\"Tailored, expert procurement-solutions. We help businesses devise quality solutions that deliver the best value from procurement and suppliers\" \/>\n<meta property=\"og:url\" content=\"https:\/\/open-procurement.com\/es\/cookie-policy\/\" \/>\n<meta property=\"og:site_name\" content=\"Open Procurement\" \/>\n<meta property=\"article:modified_time\" content=\"2021-07-26T13:50:09+00:00\" \/>\n<meta name=\"twitter:card\" content=\"summary_large_image\" \/>\n<meta name=\"twitter:label1\" content=\"Tiempo de lectura\" \/>\n\t<meta name=\"twitter:data1\" content=\"3 minutos\" \/>\n<script type=\"application\/ld+json\" class=\"yoast-schema-graph\">{\"@context\":\"https:\\\/\\\/schema.org\",\"@graph\":[{\"@type\":\"WebPage\",\"@id\":\"https:\\\/\\\/open-procurement.com\\\/cookie-policy\\\/\",\"url\":\"https:\\\/\\\/open-procurement.com\\\/cookie-policy\\\/\",\"name\":\"Cookie Policy | Open Procurement | Tailored, Expert Procurement-Solutions.\",\"isPartOf\":{\"@id\":\"https:\\\/\\\/open-procurement.com\\\/#website\"},\"datePublished\":\"2021-07-09T09:43:15+00:00\",\"dateModified\":\"2021-07-26T13:50:09+00:00\",\"description\":\"Tailored, expert procurement-solutions. We help businesses devise quality solutions that deliver the best value from procurement and suppliers\",\"breadcrumb\":{\"@id\":\"https:\\\/\\\/open-procurement.com\\\/cookie-policy\\\/#breadcrumb\"},\"inLanguage\":\"es\",\"potentialAction\":[{\"@type\":\"ReadAction\",\"target\":[\"https:\\\/\\\/open-procurement.com\\\/cookie-policy\\\/\"]}]},{\"@type\":\"BreadcrumbList\",\"@id\":\"https:\\\/\\\/open-procurement.com\\\/cookie-policy\\\/#breadcrumb\",\"itemListElement\":[{\"@type\":\"ListItem\",\"position\":1,\"name\":\"Home\",\"item\":\"https:\\\/\\\/open-procurement.com\\\/\"},{\"@type\":\"ListItem\",\"position\":2,\"name\":\"Cookie Policy\"}]},{\"@type\":\"WebSite\",\"@id\":\"https:\\\/\\\/open-procurement.com\\\/#website\",\"url\":\"https:\\\/\\\/open-procurement.com\\\/\",\"name\":\"Open Procurement\",\"description\":\"\",\"publisher\":{\"@id\":\"https:\\\/\\\/open-procurement.com\\\/#organization\"},\"potentialAction\":[{\"@type\":\"SearchAction\",\"target\":{\"@type\":\"EntryPoint\",\"urlTemplate\":\"https:\\\/\\\/open-procurement.com\\\/?s={search_term_string}\"},\"query-input\":{\"@type\":\"PropertyValueSpecification\",\"valueRequired\":true,\"valueName\":\"search_term_string\"}}],\"inLanguage\":\"es\"},{\"@type\":\"Organization\",\"@id\":\"https:\\\/\\\/open-procurement.com\\\/#organization\",\"name\":\"Open Procurement\",\"url\":\"https:\\\/\\\/open-procurement.com\\\/\",\"logo\":{\"@type\":\"ImageObject\",\"inLanguage\":\"es\",\"@id\":\"https:\\\/\\\/open-procurement.com\\\/#\\\/schema\\\/logo\\\/image\\\/\",\"url\":\"https:\\\/\\\/open-procurement.com\\\/wp-content\\\/uploads\\\/2021\\\/06\\\/cropped-fav.png\",\"contentUrl\":\"https:\\\/\\\/open-procurement.com\\\/wp-content\\\/uploads\\\/2021\\\/06\\\/cropped-fav.png\",\"width\":512,\"height\":512,\"caption\":\"Open Procurement\"},\"image\":{\"@id\":\"https:\\\/\\\/open-procurement.com\\\/#\\\/schema\\\/logo\\\/image\\\/\"}}]}<\/script>\n<!-- \/ Yoast SEO plugin. -->","yoast_head_json":{"title":"Cookie Policy | Open Procurement | Tailored, Expert Procurement-Solutions.","description":"Tailored, expert procurement-solutions. We help businesses devise quality solutions that deliver the best value from procurement and suppliers","robots":{"index":"index","follow":"follow","max-snippet":"max-snippet:-1","max-image-preview":"max-image-preview:large","max-video-preview":"max-video-preview:-1"},"canonical":"https:\/\/open-procurement.com\/es\/cookie-policy\/","og_locale":"es_ES","og_type":"article","og_title":"Cookie Policy | Open Procurement | Tailored, Expert Procurement-Solutions.","og_description":"Tailored, expert procurement-solutions. We help businesses devise quality solutions that deliver the best value from procurement and suppliers","og_url":"https:\/\/open-procurement.com\/es\/cookie-policy\/","og_site_name":"Open Procurement","article_modified_time":"2021-07-26T13:50:09+00:00","twitter_card":"summary_large_image","twitter_misc":{"Tiempo de lectura":"3 minutos"},"schema":{"@context":"https:\/\/schema.org","@graph":[{"@type":"WebPage","@id":"https:\/\/open-procurement.com\/cookie-policy\/","url":"https:\/\/open-procurement.com\/cookie-policy\/","name":"Cookie Policy | Open Procurement | Tailored, Expert Procurement-Solutions.","isPartOf":{"@id":"https:\/\/open-procurement.com\/#website"},"datePublished":"2021-07-09T09:43:15+00:00","dateModified":"2021-07-26T13:50:09+00:00","description":"Tailored, expert procurement-solutions. We help businesses devise quality solutions that deliver the best value from procurement and suppliers","breadcrumb":{"@id":"https:\/\/open-procurement.com\/cookie-policy\/#breadcrumb"},"inLanguage":"es","potentialAction":[{"@type":"ReadAction","target":["https:\/\/open-procurement.com\/cookie-policy\/"]}]},{"@type":"BreadcrumbList","@id":"https:\/\/open-procurement.com\/cookie-policy\/#breadcrumb","itemListElement":[{"@type":"ListItem","position":1,"name":"Home","item":"https:\/\/open-procurement.com\/"},{"@type":"ListItem","position":2,"name":"Cookie Policy"}]},{"@type":"WebSite","@id":"https:\/\/open-procurement.com\/#website","url":"https:\/\/open-procurement.com\/","name":"Open Procurement","description":"","publisher":{"@id":"https:\/\/open-procurement.com\/#organization"},"potentialAction":[{"@type":"SearchAction","target":{"@type":"EntryPoint","urlTemplate":"https:\/\/open-procurement.com\/?s={search_term_string}"},"query-input":{"@type":"PropertyValueSpecification","valueRequired":true,"valueName":"search_term_string"}}],"inLanguage":"es"},{"@type":"Organization","@id":"https:\/\/open-procurement.com\/#organization","name":"Open Procurement","url":"https:\/\/open-procurement.com\/","logo":{"@type":"ImageObject","inLanguage":"es","@id":"https:\/\/open-procurement.com\/#\/schema\/logo\/image\/","url":"https:\/\/open-procurement.com\/wp-content\/uploads\/2021\/06\/cropped-fav.png","contentUrl":"https:\/\/open-procurement.com\/wp-content\/uploads\/2021\/06\/cropped-fav.png","width":512,"height":512,"caption":"Open Procurement"},"image":{"@id":"https:\/\/open-procurement.com\/#\/schema\/logo\/image\/"}}]}},"_links":{"self":[{"href":"https:\/\/open-procurement.com\/es\/wp-json\/wp\/v2\/pages\/736","targetHints":{"allow":["GET"]}}],"collection":[{"href":"https:\/\/open-procurement.com\/es\/wp-json\/wp\/v2\/pages"}],"about":[{"href":"https:\/\/open-procurement.com\/es\/wp-json\/wp\/v2\/types\/page"}],"author":[{"embeddable":true,"href":"https:\/\/open-procurement.com\/es\/wp-json\/wp\/v2\/users\/1"}],"replies":[{"embeddable":true,"href":"https:\/\/open-procurement.com\/es\/wp-json\/wp\/v2\/comments?post=736"}],"version-history":[{"count":4,"href":"https:\/\/open-procurement.com\/es\/wp-json\/wp\/v2\/pages\/736\/revisions"}],"predecessor-version":[{"id":866,"href":"https:\/\/open-procurement.com\/es\/wp-json\/wp\/v2\/pages\/736\/revisions\/866"}],"wp:attachment":[{"href":"https:\/\/open-procurement.com\/es\/wp-json\/wp\/v2\/media?parent=736"}],"curies":[{"name":"wp","href":"https:\/\/api.w.org\/{rel}","templated":true}]}}