{"id":739,"date":"2021-07-09T10:45:35","date_gmt":"2021-07-09T09:45:35","guid":{"rendered":"http:\/\/localhost:8888\/?page_id=739"},"modified":"2021-07-19T17:09:36","modified_gmt":"2021-07-19T16:09:36","slug":"terms-of-use","status":"publish","type":"page","link":"https:\/\/open-procurement.com\/de\/terms-of-use\/","title":{"rendered":"Nutzungsbedingungen"},"content":{"rendered":"<p><strong>BITTE LESEN SIE DIESE GESCH\u00c4FTSBEDINGUNGEN SORGF\u00c4LTIG DURCH, BEVOR SIE DIESE WEBSITE NUTZEN<\/strong><\/p>\n<h3>Was steht in diesen Begriffen?<\/h3>\n<p>Diese Bedingungen legen Ihnen die Regeln f\u00fcr die Nutzung unserer Websites www.open-procurement.com und www.open-greenenergy.com (unsere Website) dar.<\/p>\n<h3>Wer wir sind und wie Sie uns kontaktieren k\u00f6nnen<\/h3>\n<p>Wir sind die Open Rhodes Group, die aus Open Rhodes Limited (firmierend als Open Procurement) und Open Green Energy Limited (zusammen Open Rhodes Group) besteht.<\/p>\n<p>Um mit uns Kontakt aufzunehmen, auch um Probleme oder Beschwerden im Zusammenhang mit unseren Websites und Diensten vorzubringen, senden Sie uns bitte eine E-Mail <a href=\"mailto:hello@open-procurement.com\">hello@open-procurement.com<\/a>; oder rufen Sie uns an <a href=\"tel:00448008886025\">+44 (0)800 888 6025<\/a>.<\/p>\n<h3>Durch die Nutzung unserer Website akzeptieren Sie diese Bedingungen<\/h3>\n<p>Durch die Nutzung unserer Website best\u00e4tigen Sie, dass Sie diese Nutzungsbedingungen akzeptieren und sich mit deren Einhaltung einverstanden erkl\u00e4ren.<\/p>\n<p>Wenn Sie diesen Bedingungen nicht zustimmen, d\u00fcrfen Sie unsere Website nicht nutzen.<\/p>\n<p>Wir empfehlen Ihnen, eine Kopie dieser Bedingungen auszudrucken, damit Sie sp\u00e4ter darauf zur\u00fcckgreifen k\u00f6nnen.<\/p>\n<h3>M\u00f6glicherweise gelten noch andere Bedingungen f\u00fcr Sie<\/h3>\n<p>Diese Nutzungsbedingungen beziehen sich auf die folgenden zus\u00e4tzlichen Bedingungen, die auch f\u00fcr Ihre Nutzung unserer Website gelten:<\/p>\n<ul>\n<li>Unsere <a href=\"http:\/\/www.open-greenenergy.com\/privacy-policy\/\">Datenschutzrichtlinie<\/a>. Weitere Informationen finden Sie unter \u201eWie wir Ihre personenbezogenen Daten verwenden d\u00fcrfen\u201c.<\/li>\n<li>Unsere <a href=\"http:\/\/www.open-greenenergy.com\/cookie-policy\/\">Cookie-Richtlinie<\/a> Hier finden Sie Informationen zu den Cookies auf unserer Website.<\/li>\n<\/ul>\n<h3>Wir k\u00f6nnen \u00c4nderungen an diesen Bedingungen vornehmen<\/h3>\n<p>Wir \u00e4ndern diese Bedingungen von Zeit zu Zeit. Bitte \u00fcberpr\u00fcfen Sie diese Bedingungen jedes Mal, wenn Sie unsere Website nutzen m\u00f6chten, um sicherzustellen, dass Sie die zu diesem Zeitpunkt geltenden Bedingungen verstanden haben.<\/p>\n<h3>Wir k\u00f6nnen \u00c4nderungen an unserer Website vornehmen<\/h3>\n<p>Wir k\u00f6nnen unsere Website von Zeit zu Zeit aktualisieren und \u00e4ndern, um \u00c4nderungen an unseren Produkten, den Bed\u00fcrfnissen unserer Benutzer und unseren Gesch\u00e4ftspriorit\u00e4ten Rechnung zu tragen, oder wenn dies anderweitig erforderlich ist, um \u00c4nderungen in Gesetzen oder Vorschriften Rechnung zu tragen.<\/p>\n<h3>Wir k\u00f6nnen unsere Website sperren oder zur\u00fcckziehen<\/h3>\n<p>Unsere Seite wird kostenlos zur Verf\u00fcgung gestellt.<\/p>\n<p>Wir garantieren nicht, dass unsere Website oder deren Inhalte immer verf\u00fcgbar oder unterbrechungsfrei sind. Aus gesch\u00e4ftlichen und betrieblichen Gr\u00fcnden k\u00f6nnen wir die Verf\u00fcgbarkeit unserer Website ganz oder teilweise aussetzen, zur\u00fcckziehen oder einschr\u00e4nken. Wir werden versuchen, Sie rechtzeitig \u00fcber jede Aussetzung oder R\u00fccknahme zu informieren.<\/p>\n<h3>Wir k\u00f6nnen diese Vereinbarung auf eine andere Person \u00fcbertragen<\/h3>\n<p>Wir k\u00f6nnen unsere Rechte und Pflichten aus diesen Bedingungen auf eine andere Organisation \u00fcbertragen. Wir werden Sie in diesem Fall immer schriftlich informieren und sicherstellen, dass die \u00dcbertragung Ihre Rechte aus dem Vertrag nicht beeintr\u00e4chtigt.<\/p>\n<h3>Unsere Website ist nur f\u00fcr Benutzer im Vereinigten K\u00f6nigreich<\/h3>\n<p>Unsere Website richtet sich an Personen mit Wohnsitz im Vereinigten K\u00f6nigreich. Wir garantieren nicht, dass die auf oder \u00fcber unsere Website verf\u00fcgbaren Inhalte f\u00fcr die Verwendung an anderen Orten geeignet oder verf\u00fcgbar sind.<\/p>\n<h3>Das Material auf unserer Website<\/h3>\n<p>Wir sind Eigent\u00fcmer bzw. Lizenznehmer aller geistigen Eigentumsrechte an unserer Website und dem darauf ver\u00f6ffentlichten Material. Diese Werke sind weltweit durch Urheberrechtsgesetze und -abkommen gesch\u00fctzt. Alle derartigen Rechte bleiben vorbehalten.<\/p>\n<p>Sie d\u00fcrfen keinen Teil des Inhalts unserer Website f\u00fcr kommerzielle Zwecke nutzen, ohne eine entsprechende Lizenz von uns oder unseren Lizenzgebern einzuholen.<\/p>\n<h3>Verlassen Sie sich nicht auf die Informationen auf dieser Website<\/h3>\n<p>Der Inhalt unserer Website dient lediglich der allgemeinen Information. Es handelt sich hierbei nicht um Ratschl\u00e4ge, auf die Sie sich verlassen sollten. Sie m\u00fcssen professionellen oder fachkundigen Rat einholen, bevor Sie auf der Grundlage des Inhalts unserer Website Ma\u00dfnahmen ergreifen oder unterlassen.<\/p>\n<p>Obwohl wir angemessene Anstrengungen unternehmen, um die Informationen auf unserer Website zu aktualisieren, geben wir weder ausdr\u00fccklich noch stillschweigend Zusicherungen, Gew\u00e4hrleistungen oder Garantien daf\u00fcr ab, dass der Inhalt unserer Website korrekt, vollst\u00e4ndig oder aktuell ist.<\/p>\n<h3>Wir sind nicht verantwortlich f\u00fcr Websites, auf die wir verlinken<\/h3>\n<p>Wenn unsere Website Links zu anderen Websites und Ressourcen enth\u00e4lt, die von Dritten bereitgestellt werden, dienen diese Links nur Ihrer Information. Solche Links sollten nicht als Zustimmung unsererseits zu den verlinkten Websites oder den Informationen, die Sie von ihnen erhalten, ausgelegt werden.<\/p>\n<h3>Wir haben keine Kontrolle \u00fcber den Inhalt dieser Websites oder Ressourcen.<\/h3>\n<h3>Unsere Verantwortung f\u00fcr Verluste oder Sch\u00e4den, die Ihnen entstehen, unabh\u00e4ngig davon, ob Sie ein Verbraucher oder ein gewerblicher Nutzer sind:<\/h3>\n<ul>\n<li>Wir schlie\u00dfen unsere Haftung Ihnen gegen\u00fcber in keiner Weise aus oder beschr\u00e4nken sie, wenn dies rechtswidrig w\u00e4re. Dies umfasst die Haftung f\u00fcr Todesf\u00e4lle oder Personensch\u00e4den, die durch unsere Fahrl\u00e4ssigkeit oder die Fahrl\u00e4ssigkeit unserer Mitarbeiter, Vertreter oder Subunternehmer verursacht wurden, sowie f\u00fcr Betrug oder arglistige Falschdarstellung.<\/li>\n<\/ul>\n<h3>Wenn Sie ein Gesch\u00e4ftsbenutzer sind:<\/h3>\n<ul>\n<li>Wir schlie\u00dfen alle stillschweigenden Bedingungen, Gew\u00e4hrleistungen, Zusicherungen oder sonstigen Bedingungen aus, die f\u00fcr unsere Website oder deren Inhalte gelten k\u00f6nnten.<\/li>\n<li>Wir haften Ihnen gegen\u00fcber nicht f\u00fcr Verluste oder Sch\u00e4den, sei es aus Vertrag, unerlaubter Handlung (einschlie\u00dflich Fahrl\u00e4ssigkeit), Verletzung gesetzlicher Pflichten oder aus anderen Gr\u00fcnden, auch wenn diese vorhersehbar sind und sich aus oder im Zusammenhang mit Folgendem ergeben:<\/li>\n<li>Nutzung oder Unm\u00f6glichkeit der Nutzung unserer Website; oder<\/li>\n<li>Nutzung oder Vertrauen auf die auf unserer Website angezeigten Inhalte.<\/li>\n<\/ul>\n<h3>Wenn Sie ein Privatanwender sind:<\/h3>\n<p>Bitte beachten Sie, dass wir unsere Seite nur f\u00fcr den h\u00e4uslichen und privaten Gebrauch bereitstellen. Sie erkl\u00e4ren sich damit einverstanden, unsere Website nicht f\u00fcr kommerzielle oder gesch\u00e4ftliche Zwecke zu nutzen, und wir haften Ihnen gegen\u00fcber nicht f\u00fcr entgangenen Gewinn, Gesch\u00e4ftsverlust, Betriebsunterbrechung oder entgangene Gesch\u00e4ftsm\u00f6glichkeiten.<\/p>\n<p>Wenn fehlerhafte digitale Inhalte, die wir bereitgestellt haben, ein Ger\u00e4t oder digitale Inhalte besch\u00e4digen, die Ihnen geh\u00f6ren, und dies darauf zur\u00fcckzuf\u00fchren ist, dass wir keine angemessene Sorgfalt und Sachkenntnis walten lassen, werden wir entweder den Schaden reparieren oder Ihnen eine Entsch\u00e4digung zahlen.<\/p>\n<h3>Wie wir Ihre pers\u00f6nlichen Daten verwenden d\u00fcrfen<\/h3>\n<p>Wir verwenden Ihre pers\u00f6nlichen Daten nur wie in unserer <a href=\"http:\/\/www.open-greenenergy.com\/privacy-policy\/\">Datenschutzrichtlinie<\/a>.<\/p>\n<h3>Rechte, die Sie uns zur Nutzung des von Ihnen hochgeladenen Materials einr\u00e4umen<\/h3>\n<p>Wenn Sie Beitragsinhalte an uns oder unsere Website hochladen oder senden, gew\u00e4hren Sie uns die folgenden Rechte zur Nutzung dieser Inhalte:<\/p>\n<p>eine weltweite, dauerhafte, nicht ausschlie\u00dfliche, geb\u00fchrenfreie, \u00fcbertragbare Lizenz zur Nutzung, Vervielf\u00e4ltigung, Verbreitung, Erstellung abgeleiteter Werke, Anzeige und Auff\u00fchrung dieser benutzergenerierten Inhalte in Verbindung mit dem von der Website bereitgestellten Dienst und \u00fcber verschiedene Medien hinweg, einschlie\u00dflich um die Website oder den Dienst zu bewerben.<br \/>\nWir sind nicht f\u00fcr Viren verantwortlich und Sie d\u00fcrfen diese nicht einschleusen<br \/>\nWir garantieren nicht, dass unsere Website sicher oder frei von Fehlern oder Viren ist.<br \/>\nSie sind f\u00fcr die Konfiguration Ihrer Informationstechnologie, Computerprogramme und Plattform f\u00fcr den Zugriff auf unsere Website verantwortlich. Sie sollten Ihre eigene Virenschutzsoftware verwenden.<\/p>\n<p>Sie d\u00fcrfen unsere Website nicht missbrauchen, indem Sie wissentlich Viren, Trojaner, W\u00fcrmer, Logikbomben oder anderes b\u00f6sartiges oder technisch sch\u00e4dliches Material einschleusen. Sie d\u00fcrfen nicht versuchen, sich unbefugten Zugriff auf unsere Website, den Server, auf dem unsere Website gespeichert ist, oder einen mit unserer Website verbundenen Server, Computer oder eine Datenbank zu verschaffen. Sie d\u00fcrfen unsere Website nicht \u00fcber einen Denial-of-Service-Angriff oder einen verteilten Denial-of-Service-Angriff angreifen. Durch einen Versto\u00df gegen diese Bestimmung w\u00fcrden Sie eine Straftat im Sinne des Computer Misuse Act 1990 begehen. Wir werden jeden solchen Versto\u00df den zust\u00e4ndigen Strafverfolgungsbeh\u00f6rden melden und mit diesen Beh\u00f6rden zusammenarbeiten, indem wir ihnen Ihre Identit\u00e4t offenlegen. Im Falle eines solchen Versto\u00dfes erlischt Ihr Recht zur Nutzung unserer Website sofort.<\/p>\n<h3>Regeln f\u00fcr die Verlinkung auf unsere Website<\/h3>\n<p>Sie d\u00fcrfen auf unsere Homepage verlinken, sofern Sie dies auf faire und rechtm\u00e4\u00dfige Weise tun und unseren Ruf nicht sch\u00e4digen oder ausnutzen.<\/p>\n<p>Sie d\u00fcrfen einen Link nicht in einer Weise herstellen, die den Eindruck einer Verbindung, Genehmigung oder Billigung unsererseits erweckt, sofern diese nicht besteht.<\/p>\n<p>Unsere Website darf nicht in eine andere Website eingebunden werden, noch ist es Ihnen gestattet, einen Link zu einem anderen Teil unserer Website als der Startseite zu erstellen.<\/p>\n<p>Wir behalten uns das Recht vor, die Verlinkungserlaubnis ohne Vorank\u00fcndigung zu widerrufen.<\/p>\n<h3>Welches Landesrecht gilt f\u00fcr etwaige Streitigkeiten?<\/h3>\n<p>Wenn Sie Verbraucher sind, beachten Sie bitte, dass diese Nutzungsbedingungen, ihr Gegenstand und ihre Ausgestaltung englischem Recht unterliegen. Sie und wir stimmen beide darin \u00fcberein, dass die Gerichte von England und Wales ausschlie\u00dflich zust\u00e4ndig sind, mit der Ausnahme, dass Sie, wenn Sie Ihren Wohnsitz in Nordirland haben, auch Klagen in Nordirland einreichen k\u00f6nnen, und wenn Sie Ihren Wohnsitz in Schottland haben, k\u00f6nnen Sie auch Klagen in Schottland einreichen.<\/p>\n<p>Wenn Sie ein Unternehmen sind, unterliegen diese Nutzungsbedingungen, ihr Gegenstand und ihre Gestaltung (sowie alle au\u00dfervertraglichen Streitigkeiten oder Anspr\u00fcche) englischem Recht. Wir stimmen beide der ausschlie\u00dflichen Zust\u00e4ndigkeit der Gerichte von England und Wales zu.<\/p>\n<h3>Unsere Marken sind eingetragen<\/h3>\n<p>Ohne unsere Genehmigung ist es Ihnen nicht gestattet, unsere Warenzeichen, Markenbilder oder Logos oder die anderer Parteien auf unserer Website zu verwenden.<\/p>","protected":false},"excerpt":{"rendered":"<p>PLEASE READ THESE TERMS AND CONDITIONS CAREFULLY BEFORE USING THIS SITE What&#8217;s in these terms? These terms&#8230;<\/p>","protected":false},"author":1,"featured_media":0,"parent":0,"menu_order":0,"comment_status":"closed","ping_status":"closed","template":"","meta":{"_acf_changed":false,"footnotes":""},"class_list":["post-739","page","type-page","status-publish","hentry"],"acf":[],"yoast_head":"<!-- This site is optimized with the Yoast SEO plugin v27.3 - https:\/\/yoast.com\/product\/yoast-seo-wordpress\/ -->\n<title>Terms of Use | Open Procurement | Tailored, Expert Procurement-Solutions.<\/title>\n<meta name=\"description\" content=\"Tailored, expert procurement-solutions. We help businesses devise quality solutions that deliver the best value from procurement and suppliers\" \/>\n<meta name=\"robots\" content=\"index, follow, max-snippet:-1, max-image-preview:large, max-video-preview:-1\" \/>\n<link rel=\"canonical\" href=\"https:\/\/open-procurement.com\/de\/terms-of-use\/\" \/>\n<meta property=\"og:locale\" content=\"de_DE\" \/>\n<meta property=\"og:type\" content=\"article\" \/>\n<meta property=\"og:title\" content=\"Terms of Use | Open Procurement | Tailored, Expert Procurement-Solutions.\" \/>\n<meta property=\"og:description\" content=\"Tailored, expert procurement-solutions. We help businesses devise quality solutions that deliver the best value from procurement and suppliers\" \/>\n<meta property=\"og:url\" content=\"https:\/\/open-procurement.com\/de\/terms-of-use\/\" \/>\n<meta property=\"og:site_name\" content=\"Open Procurement\" \/>\n<meta property=\"article:modified_time\" content=\"2021-07-19T16:09:36+00:00\" \/>\n<meta name=\"twitter:card\" content=\"summary_large_image\" \/>\n<meta name=\"twitter:label1\" content=\"Gesch\u00e4tzte Lesezeit\" \/>\n\t<meta name=\"twitter:data1\" content=\"7\u00a0Minuten\" \/>\n<script type=\"application\/ld+json\" class=\"yoast-schema-graph\">{\"@context\":\"https:\\\/\\\/schema.org\",\"@graph\":[{\"@type\":\"WebPage\",\"@id\":\"https:\\\/\\\/open-procurement.com\\\/terms-of-use\\\/\",\"url\":\"https:\\\/\\\/open-procurement.com\\\/terms-of-use\\\/\",\"name\":\"Terms of Use | Open Procurement | Tailored, Expert Procurement-Solutions.\",\"isPartOf\":{\"@id\":\"https:\\\/\\\/open-procurement.com\\\/#website\"},\"datePublished\":\"2021-07-09T09:45:35+00:00\",\"dateModified\":\"2021-07-19T16:09:36+00:00\",\"description\":\"Tailored, expert procurement-solutions. We help businesses devise quality solutions that deliver the best value from procurement and suppliers\",\"breadcrumb\":{\"@id\":\"https:\\\/\\\/open-procurement.com\\\/terms-of-use\\\/#breadcrumb\"},\"inLanguage\":\"de\",\"potentialAction\":[{\"@type\":\"ReadAction\",\"target\":[\"https:\\\/\\\/open-procurement.com\\\/terms-of-use\\\/\"]}]},{\"@type\":\"BreadcrumbList\",\"@id\":\"https:\\\/\\\/open-procurement.com\\\/terms-of-use\\\/#breadcrumb\",\"itemListElement\":[{\"@type\":\"ListItem\",\"position\":1,\"name\":\"Home\",\"item\":\"https:\\\/\\\/open-procurement.com\\\/\"},{\"@type\":\"ListItem\",\"position\":2,\"name\":\"Terms of Use\"}]},{\"@type\":\"WebSite\",\"@id\":\"https:\\\/\\\/open-procurement.com\\\/#website\",\"url\":\"https:\\\/\\\/open-procurement.com\\\/\",\"name\":\"Open Procurement\",\"description\":\"\",\"publisher\":{\"@id\":\"https:\\\/\\\/open-procurement.com\\\/#organization\"},\"potentialAction\":[{\"@type\":\"SearchAction\",\"target\":{\"@type\":\"EntryPoint\",\"urlTemplate\":\"https:\\\/\\\/open-procurement.com\\\/?s={search_term_string}\"},\"query-input\":{\"@type\":\"PropertyValueSpecification\",\"valueRequired\":true,\"valueName\":\"search_term_string\"}}],\"inLanguage\":\"de\"},{\"@type\":\"Organization\",\"@id\":\"https:\\\/\\\/open-procurement.com\\\/#organization\",\"name\":\"Open Procurement\",\"url\":\"https:\\\/\\\/open-procurement.com\\\/\",\"logo\":{\"@type\":\"ImageObject\",\"inLanguage\":\"de\",\"@id\":\"https:\\\/\\\/open-procurement.com\\\/#\\\/schema\\\/logo\\\/image\\\/\",\"url\":\"https:\\\/\\\/open-procurement.com\\\/wp-content\\\/uploads\\\/2021\\\/06\\\/cropped-fav.png\",\"contentUrl\":\"https:\\\/\\\/open-procurement.com\\\/wp-content\\\/uploads\\\/2021\\\/06\\\/cropped-fav.png\",\"width\":512,\"height\":512,\"caption\":\"Open Procurement\"},\"image\":{\"@id\":\"https:\\\/\\\/open-procurement.com\\\/#\\\/schema\\\/logo\\\/image\\\/\"}}]}<\/script>\n<!-- \/ Yoast SEO plugin. -->","yoast_head_json":{"title":"Terms of Use | Open Procurement | Tailored, Expert Procurement-Solutions.","description":"Tailored, expert procurement-solutions. We help businesses devise quality solutions that deliver the best value from procurement and suppliers","robots":{"index":"index","follow":"follow","max-snippet":"max-snippet:-1","max-image-preview":"max-image-preview:large","max-video-preview":"max-video-preview:-1"},"canonical":"https:\/\/open-procurement.com\/de\/terms-of-use\/","og_locale":"de_DE","og_type":"article","og_title":"Terms of Use | Open Procurement | Tailored, Expert Procurement-Solutions.","og_description":"Tailored, expert procurement-solutions. We help businesses devise quality solutions that deliver the best value from procurement and suppliers","og_url":"https:\/\/open-procurement.com\/de\/terms-of-use\/","og_site_name":"Open Procurement","article_modified_time":"2021-07-19T16:09:36+00:00","twitter_card":"summary_large_image","twitter_misc":{"Gesch\u00e4tzte Lesezeit":"7\u00a0Minuten"},"schema":{"@context":"https:\/\/schema.org","@graph":[{"@type":"WebPage","@id":"https:\/\/open-procurement.com\/terms-of-use\/","url":"https:\/\/open-procurement.com\/terms-of-use\/","name":"Terms of Use | Open Procurement | Tailored, Expert Procurement-Solutions.","isPartOf":{"@id":"https:\/\/open-procurement.com\/#website"},"datePublished":"2021-07-09T09:45:35+00:00","dateModified":"2021-07-19T16:09:36+00:00","description":"Tailored, expert procurement-solutions. We help businesses devise quality solutions that deliver the best value from procurement and suppliers","breadcrumb":{"@id":"https:\/\/open-procurement.com\/terms-of-use\/#breadcrumb"},"inLanguage":"de","potentialAction":[{"@type":"ReadAction","target":["https:\/\/open-procurement.com\/terms-of-use\/"]}]},{"@type":"BreadcrumbList","@id":"https:\/\/open-procurement.com\/terms-of-use\/#breadcrumb","itemListElement":[{"@type":"ListItem","position":1,"name":"Home","item":"https:\/\/open-procurement.com\/"},{"@type":"ListItem","position":2,"name":"Terms of Use"}]},{"@type":"WebSite","@id":"https:\/\/open-procurement.com\/#website","url":"https:\/\/open-procurement.com\/","name":"Open Procurement","description":"","publisher":{"@id":"https:\/\/open-procurement.com\/#organization"},"potentialAction":[{"@type":"SearchAction","target":{"@type":"EntryPoint","urlTemplate":"https:\/\/open-procurement.com\/?s={search_term_string}"},"query-input":{"@type":"PropertyValueSpecification","valueRequired":true,"valueName":"search_term_string"}}],"inLanguage":"de"},{"@type":"Organization","@id":"https:\/\/open-procurement.com\/#organization","name":"Open Procurement","url":"https:\/\/open-procurement.com\/","logo":{"@type":"ImageObject","inLanguage":"de","@id":"https:\/\/open-procurement.com\/#\/schema\/logo\/image\/","url":"https:\/\/open-procurement.com\/wp-content\/uploads\/2021\/06\/cropped-fav.png","contentUrl":"https:\/\/open-procurement.com\/wp-content\/uploads\/2021\/06\/cropped-fav.png","width":512,"height":512,"caption":"Open Procurement"},"image":{"@id":"https:\/\/open-procurement.com\/#\/schema\/logo\/image\/"}}]}},"_links":{"self":[{"href":"https:\/\/open-procurement.com\/de\/wp-json\/wp\/v2\/pages\/739","targetHints":{"allow":["GET"]}}],"collection":[{"href":"https:\/\/open-procurement.com\/de\/wp-json\/wp\/v2\/pages"}],"about":[{"href":"https:\/\/open-procurement.com\/de\/wp-json\/wp\/v2\/types\/page"}],"author":[{"embeddable":true,"href":"https:\/\/open-procurement.com\/de\/wp-json\/wp\/v2\/users\/1"}],"replies":[{"embeddable":true,"href":"https:\/\/open-procurement.com\/de\/wp-json\/wp\/v2\/comments?post=739"}],"version-history":[{"count":4,"href":"https:\/\/open-procurement.com\/de\/wp-json\/wp\/v2\/pages\/739\/revisions"}],"predecessor-version":[{"id":870,"href":"https:\/\/open-procurement.com\/de\/wp-json\/wp\/v2\/pages\/739\/revisions\/870"}],"wp:attachment":[{"href":"https:\/\/open-procurement.com\/de\/wp-json\/wp\/v2\/media?parent=739"}],"curies":[{"name":"wp","href":"https:\/\/api.w.org\/{rel}","templated":true}]}}