{"id":736,"date":"2021-07-09T10:43:15","date_gmt":"2021-07-09T09:43:15","guid":{"rendered":"http:\/\/localhost:8888\/?page_id=736"},"modified":"2021-07-26T14:50:09","modified_gmt":"2021-07-26T13:50:09","slug":"cookie-policy","status":"publish","type":"page","link":"https:\/\/open-procurement.com\/de\/cookie-policy\/","title":{"rendered":"Cookie-Richtlinie"},"content":{"rendered":"<h2><b>Informationen \u00fcber unsere Verwendung von Cookies<\/b><\/h2>\n<p>Diese Richtlinie informiert Sie \u00fcber Cookies und verwandte Technologien, die wir auf unseren Websites verwenden<br \/>\n<u><a href=\"https:\/\/open-procurement.com\/de\/\" target=\"_blank\" rel=\"noopener\"><i>www.open-procurement.com<\/i><\/a><\/u> und <u><a href=\"https:\/\/www.open-greenenergy.com\/\" target=\"_blank\" rel=\"noopener\"><i>www.open-greenenergy.com<\/i><\/a><\/u> (<b>unsere Website<\/b>).<\/p>\n<p>Diese Richtlinie gilt f\u00fcr die gesamte Open Rhodes-Unternehmensgruppe. Diese Richtlinie wurde zuletzt am 8. M\u00e4rz 2021 aktualisiert.<\/p>\n<p>Um uns zu kontaktieren, senden Sie bitte eine E-Mail <u><a href=\"mailto:hello@open-greenenergy.com\">hello@open-greenenergy.com<\/a><\/u>; <u><a href=\"mailto:hello@open-procurement.com\">hello@open-procurement.com<\/a><\/u> (sofern zutreffend) oder rufen Sie uns an unter +44 (0)800 888 6025 (Open Green Energy), +44 (0)800 888 6015 (Open Procurement).<\/p>\n<p><b>Was ist ein Cookie?: <\/b>Cookies k\u00f6nnen verwendet werden, um Sie von anderen Nutzern unserer Website zu unterscheiden. Dies hilft Unternehmen dabei, Ihnen beim Durchsuchen von Websites ein gutes Erlebnis zu bieten und so die Website zu verbessern.<\/p>\n<p>Ein Cookie ist eine kleine Datei aus Buchstaben und Zahlen, die in Ihrem Browser oder auf der Festplatte Ihres Computers gespeichert wird, sofern Sie damit einverstanden sind. Cookies enthalten Informationen, die auf die Festplatte Ihres Computers \u00fcbertragen werden.<\/p>\n<p><b>Arten von Cookies: <\/b>Cookies werden \u00fcblicherweise in die folgenden Typen unterteilt:<\/p>\n<ul>\n<li><b>Unbedingt notwendige Cookies.<\/b> Hierbei handelt es sich um Cookies, die f\u00fcr den Betrieb unserer Website erforderlich sind. Dazu geh\u00f6ren beispielsweise Cookies, die Ihnen die Anmeldung in sicheren Bereichen von Websites erm\u00f6glichen.<\/li>\n<li><b>Analyse-\/Leistungscookies.<\/b> Sie erm\u00f6glichen Website-Betreibern, die Anzahl der Besucher zu erkennen und zu z\u00e4hlen und zu sehen, wie sich Besucher auf der Website bewegen, wenn sie diese nutzen. Dies hilft Unternehmen, die Funktionsweise von Websites zu verbessern, indem beispielsweise sichergestellt wird, dass Benutzer leicht finden, wonach sie suchen.<\/li>\n<li><b>Funktionalit\u00e4tscookies.<\/b> Diese werden verwendet, um Benutzer wiederzuerkennen, wenn Sie auf eine Website zur\u00fcckkehren. Dies erm\u00f6glicht es Websites, Inhalte f\u00fcr Sie zu personalisieren, Sie mit Namen zu begr\u00fc\u00dfen und sich Ihre Pr\u00e4ferenzen zu merken (z. B. Ihre Wahl der Sprache oder Region).<\/li>\n<li><b>Ziel-Cookies.<\/b> Diese Cookies erfassen Ihren Besuch auf einer Website, die von Ihnen besuchten Seiten und die Links, denen Sie gefolgt sind.<\/li>\n<\/ul>\n<p><b>Zustimmung: <\/b>Vor dem Einsatz von Cookies, die nicht unbedingt erforderlich sind, holen wir Ihr Einverst\u00e4ndnis ein.<\/p>\n<p><b>Cookies, die wir auf unserer Website verwenden<\/b>: Wir verwenden derzeit nur <b>Google Analytics (universal _ga)<\/b> auf unserer Seite. Dieses Cookie wird verwendet, um Informationen dar\u00fcber zu sammeln, wie Besucher unsere Website nutzen. Wir verwenden die Informationen, um Berichte zu erstellen und uns bei der Verbesserung der Website zu helfen. Das Cookie sammelt Informationen auf eine Weise, die niemanden direkt identifiziert, einschlie\u00dflich der Anzahl der Besucher der Website, von wo Besucher auf die Website gekommen sind und der Seiten, die sie besucht haben.<\/p>\n<p><b>Newsletter\/E-Mail-Tracking:<\/b> Wir sammeln Statistiken zum \u00d6ffnen und Klicken von E-Mails mithilfe branchen\u00fcblicher Technologien, einschlie\u00dflich transparenter GIFs, die uns bei der \u00dcberwachung und Verbesserung unseres E-Newsletters helfen.<\/p>\n<p><b>Cookies blockieren <\/b>Sie k\u00f6nnen Cookies blockieren, indem Sie in Ihrem Browser die Einstellung aktivieren, die es Ihnen erm\u00f6glicht, das Setzen aller oder einiger Cookies abzulehnen. Wenn Sie jedoch Ihre Browsereinstellungen verwenden, um alle Cookies (einschlie\u00dflich essentieller Cookies) zu blockieren, k\u00f6nnen Sie m\u00f6glicherweise nicht auf alle oder Teile unserer Website zugreifen.<\/p>\n<p><b>Ablauf: <\/b>Alle Cookies verfallen entsprechend der Verwendung von Google Analytics-Cookies. Weitere Informationen finden Sie unter:<\/p>\n<p><a href=\"https:\/\/developers.google.com\/analytics\/devguides\/collection\/analyticsjs\/cookie-usage\"><u>https:\/\/developers.google.com\/analytics\/devguides\/collection\/analyticsjs\/cookie-usage<\/u><\/a><\/p>","protected":false},"excerpt":{"rendered":"<p>Information about our use of cookies This Policy tells you about cookies and related technology which we&#8230;<\/p>","protected":false},"author":1,"featured_media":0,"parent":0,"menu_order":0,"comment_status":"closed","ping_status":"closed","template":"","meta":{"_acf_changed":false,"footnotes":""},"class_list":["post-736","page","type-page","status-publish","hentry"],"acf":[],"yoast_head":"<!-- This site is optimized with the Yoast SEO plugin v27.3 - https:\/\/yoast.com\/product\/yoast-seo-wordpress\/ -->\n<title>Cookie Policy | Open Procurement | Tailored, Expert Procurement-Solutions.<\/title>\n<meta name=\"description\" content=\"Tailored, expert procurement-solutions. We help businesses devise quality solutions that deliver the best value from procurement and suppliers\" \/>\n<meta name=\"robots\" content=\"index, follow, max-snippet:-1, max-image-preview:large, max-video-preview:-1\" \/>\n<link rel=\"canonical\" href=\"https:\/\/open-procurement.com\/de\/cookie-policy\/\" \/>\n<meta property=\"og:locale\" content=\"de_DE\" \/>\n<meta property=\"og:type\" content=\"article\" \/>\n<meta property=\"og:title\" content=\"Cookie Policy | Open Procurement | Tailored, Expert Procurement-Solutions.\" \/>\n<meta property=\"og:description\" content=\"Tailored, expert procurement-solutions. We help businesses devise quality solutions that deliver the best value from procurement and suppliers\" \/>\n<meta property=\"og:url\" content=\"https:\/\/open-procurement.com\/de\/cookie-policy\/\" \/>\n<meta property=\"og:site_name\" content=\"Open Procurement\" \/>\n<meta property=\"article:modified_time\" content=\"2021-07-26T13:50:09+00:00\" \/>\n<meta name=\"twitter:card\" content=\"summary_large_image\" \/>\n<meta name=\"twitter:label1\" content=\"Gesch\u00e4tzte Lesezeit\" \/>\n\t<meta name=\"twitter:data1\" content=\"3\u00a0Minuten\" \/>\n<script type=\"application\/ld+json\" class=\"yoast-schema-graph\">{\"@context\":\"https:\\\/\\\/schema.org\",\"@graph\":[{\"@type\":\"WebPage\",\"@id\":\"https:\\\/\\\/open-procurement.com\\\/cookie-policy\\\/\",\"url\":\"https:\\\/\\\/open-procurement.com\\\/cookie-policy\\\/\",\"name\":\"Cookie Policy | Open Procurement | Tailored, Expert Procurement-Solutions.\",\"isPartOf\":{\"@id\":\"https:\\\/\\\/open-procurement.com\\\/#website\"},\"datePublished\":\"2021-07-09T09:43:15+00:00\",\"dateModified\":\"2021-07-26T13:50:09+00:00\",\"description\":\"Tailored, expert procurement-solutions. We help businesses devise quality solutions that deliver the best value from procurement and suppliers\",\"breadcrumb\":{\"@id\":\"https:\\\/\\\/open-procurement.com\\\/cookie-policy\\\/#breadcrumb\"},\"inLanguage\":\"de\",\"potentialAction\":[{\"@type\":\"ReadAction\",\"target\":[\"https:\\\/\\\/open-procurement.com\\\/cookie-policy\\\/\"]}]},{\"@type\":\"BreadcrumbList\",\"@id\":\"https:\\\/\\\/open-procurement.com\\\/cookie-policy\\\/#breadcrumb\",\"itemListElement\":[{\"@type\":\"ListItem\",\"position\":1,\"name\":\"Home\",\"item\":\"https:\\\/\\\/open-procurement.com\\\/\"},{\"@type\":\"ListItem\",\"position\":2,\"name\":\"Cookie Policy\"}]},{\"@type\":\"WebSite\",\"@id\":\"https:\\\/\\\/open-procurement.com\\\/#website\",\"url\":\"https:\\\/\\\/open-procurement.com\\\/\",\"name\":\"Open Procurement\",\"description\":\"\",\"publisher\":{\"@id\":\"https:\\\/\\\/open-procurement.com\\\/#organization\"},\"potentialAction\":[{\"@type\":\"SearchAction\",\"target\":{\"@type\":\"EntryPoint\",\"urlTemplate\":\"https:\\\/\\\/open-procurement.com\\\/?s={search_term_string}\"},\"query-input\":{\"@type\":\"PropertyValueSpecification\",\"valueRequired\":true,\"valueName\":\"search_term_string\"}}],\"inLanguage\":\"de\"},{\"@type\":\"Organization\",\"@id\":\"https:\\\/\\\/open-procurement.com\\\/#organization\",\"name\":\"Open Procurement\",\"url\":\"https:\\\/\\\/open-procurement.com\\\/\",\"logo\":{\"@type\":\"ImageObject\",\"inLanguage\":\"de\",\"@id\":\"https:\\\/\\\/open-procurement.com\\\/#\\\/schema\\\/logo\\\/image\\\/\",\"url\":\"https:\\\/\\\/open-procurement.com\\\/wp-content\\\/uploads\\\/2021\\\/06\\\/cropped-fav.png\",\"contentUrl\":\"https:\\\/\\\/open-procurement.com\\\/wp-content\\\/uploads\\\/2021\\\/06\\\/cropped-fav.png\",\"width\":512,\"height\":512,\"caption\":\"Open Procurement\"},\"image\":{\"@id\":\"https:\\\/\\\/open-procurement.com\\\/#\\\/schema\\\/logo\\\/image\\\/\"}}]}<\/script>\n<!-- \/ Yoast SEO plugin. -->","yoast_head_json":{"title":"Cookie Policy | Open Procurement | Tailored, Expert Procurement-Solutions.","description":"Tailored, expert procurement-solutions. We help businesses devise quality solutions that deliver the best value from procurement and suppliers","robots":{"index":"index","follow":"follow","max-snippet":"max-snippet:-1","max-image-preview":"max-image-preview:large","max-video-preview":"max-video-preview:-1"},"canonical":"https:\/\/open-procurement.com\/de\/cookie-policy\/","og_locale":"de_DE","og_type":"article","og_title":"Cookie Policy | Open Procurement | Tailored, Expert Procurement-Solutions.","og_description":"Tailored, expert procurement-solutions. We help businesses devise quality solutions that deliver the best value from procurement and suppliers","og_url":"https:\/\/open-procurement.com\/de\/cookie-policy\/","og_site_name":"Open Procurement","article_modified_time":"2021-07-26T13:50:09+00:00","twitter_card":"summary_large_image","twitter_misc":{"Gesch\u00e4tzte Lesezeit":"3\u00a0Minuten"},"schema":{"@context":"https:\/\/schema.org","@graph":[{"@type":"WebPage","@id":"https:\/\/open-procurement.com\/cookie-policy\/","url":"https:\/\/open-procurement.com\/cookie-policy\/","name":"Cookie Policy | Open Procurement | Tailored, Expert Procurement-Solutions.","isPartOf":{"@id":"https:\/\/open-procurement.com\/#website"},"datePublished":"2021-07-09T09:43:15+00:00","dateModified":"2021-07-26T13:50:09+00:00","description":"Tailored, expert procurement-solutions. We help businesses devise quality solutions that deliver the best value from procurement and suppliers","breadcrumb":{"@id":"https:\/\/open-procurement.com\/cookie-policy\/#breadcrumb"},"inLanguage":"de","potentialAction":[{"@type":"ReadAction","target":["https:\/\/open-procurement.com\/cookie-policy\/"]}]},{"@type":"BreadcrumbList","@id":"https:\/\/open-procurement.com\/cookie-policy\/#breadcrumb","itemListElement":[{"@type":"ListItem","position":1,"name":"Home","item":"https:\/\/open-procurement.com\/"},{"@type":"ListItem","position":2,"name":"Cookie Policy"}]},{"@type":"WebSite","@id":"https:\/\/open-procurement.com\/#website","url":"https:\/\/open-procurement.com\/","name":"Open Procurement","description":"","publisher":{"@id":"https:\/\/open-procurement.com\/#organization"},"potentialAction":[{"@type":"SearchAction","target":{"@type":"EntryPoint","urlTemplate":"https:\/\/open-procurement.com\/?s={search_term_string}"},"query-input":{"@type":"PropertyValueSpecification","valueRequired":true,"valueName":"search_term_string"}}],"inLanguage":"de"},{"@type":"Organization","@id":"https:\/\/open-procurement.com\/#organization","name":"Open Procurement","url":"https:\/\/open-procurement.com\/","logo":{"@type":"ImageObject","inLanguage":"de","@id":"https:\/\/open-procurement.com\/#\/schema\/logo\/image\/","url":"https:\/\/open-procurement.com\/wp-content\/uploads\/2021\/06\/cropped-fav.png","contentUrl":"https:\/\/open-procurement.com\/wp-content\/uploads\/2021\/06\/cropped-fav.png","width":512,"height":512,"caption":"Open Procurement"},"image":{"@id":"https:\/\/open-procurement.com\/#\/schema\/logo\/image\/"}}]}},"_links":{"self":[{"href":"https:\/\/open-procurement.com\/de\/wp-json\/wp\/v2\/pages\/736","targetHints":{"allow":["GET"]}}],"collection":[{"href":"https:\/\/open-procurement.com\/de\/wp-json\/wp\/v2\/pages"}],"about":[{"href":"https:\/\/open-procurement.com\/de\/wp-json\/wp\/v2\/types\/page"}],"author":[{"embeddable":true,"href":"https:\/\/open-procurement.com\/de\/wp-json\/wp\/v2\/users\/1"}],"replies":[{"embeddable":true,"href":"https:\/\/open-procurement.com\/de\/wp-json\/wp\/v2\/comments?post=736"}],"version-history":[{"count":4,"href":"https:\/\/open-procurement.com\/de\/wp-json\/wp\/v2\/pages\/736\/revisions"}],"predecessor-version":[{"id":866,"href":"https:\/\/open-procurement.com\/de\/wp-json\/wp\/v2\/pages\/736\/revisions\/866"}],"wp:attachment":[{"href":"https:\/\/open-procurement.com\/de\/wp-json\/wp\/v2\/media?parent=736"}],"curies":[{"name":"wp","href":"https:\/\/api.w.org\/{rel}","templated":true}]}}